{"id":645,"date":"2024-05-14T19:59:16","date_gmt":"2024-05-14T19:59:16","guid":{"rendered":"https:\/\/kingmakercasinos.com\/?page_id=645"},"modified":"2025-02-06T08:09:01","modified_gmt":"2025-02-06T08:09:01","slug":"bonus","status":"publish","type":"page","link":"https:\/\/kingmakerscasino.es\/ch\/bonus\/","title":{"rendered":"K\u00f6nigsmacher-Bonus"},"content":{"rendered":"<section class=\"kingmakercasinos-banner kingmakercasinos-banner--centered kingmakercasinos-color--secondary kingmakercasinos-banner--img-bg\" \nstyle=\"            background-image: url(https:\/\/kingmakerscasino.es\/wp-content\/uploads\/2024\/04\/bg-u-desktop.jpg);    \">\n\t<div class=\"kingmakercasinos-container\">\n\t\t<div class=\"kingmakercasinos-row\">\n\t\t\t<div class=\"kingmakercasinos-banner-wrap\">\n\n\t\t\t\t\t\t\t\t\t<h1>K\u00f6nigsmacher-Bonus<\/h1>\n\t\t\t\t\t\t\t\t\n\t\t\t\t\t\t\t\t\n\t\t\t\t\t\t\t\t\t<a rel=\"nofollow\" class=\"kingmakercasinos-btn kingmakercasinos-btn--primary\" href=\"\/kingmaker\/\" target=\"_self\">Rekister\u00f6i<\/a>\n\t\t\t\t\n\t\t\t<\/div>\n\t\t<\/div> \n\t<\/div>\n<\/section>\n\n<section class=\"kingmakercasinos-text-section\">\n\t<div class=\"kingmakercasinos-container\">\n\n\t\t<div class=\"kingmakercasinos-text-copy\">\n\t\t\t<p>Im Bonusbereich von Kingmaker Casino finden Spieler eine Vielzahl attraktiver Boni mit klaren Bedingungen f\u00fcr die Einl\u00f6sung. Zu den Boni geh\u00f6ren Willkommensangebote f\u00fcr neue Spieler, die Einzahlungsboni und Freispiele kombinieren und so eine zus\u00e4tzliche Motivation bieten, das Casino-Abenteuer zu beginnen. Dar\u00fcber hinaus k\u00f6nnen treue Spieler von den regelm\u00e4\u00dfigen Aktionen des Kingmaker Casinos profitieren, wie z.B. Einzahlungsboni, Cashback und sogar Promotion-Codes, wenn sie sich registrieren oder eine Einzahlung vornehmen.<\/p>\n\t\t<\/div>\n\n\t\t<div class=\"kingmakercasinos-btn-block kingmakercasinos-btn-block--center\">\n\t\t\t\t\t<\/div>\n\n\t<\/div>\n<\/section>\n\n<section class=\"kingmakercasinos-text-with-image-section\">\n\t<div class=\"kingmakercasinos-container\">\n\t\t<div class=\"kingmakercasinos-row\">\n\n\t\t\t<div class=\"kingmakercasinos-col kingmakercasinos-copy-col\">\n\n\t\t\t\t<div class=\"kingmakercasinos-text-copy\">\n\t\t\t\t\t<p><strong>Arten von Boni bei Kingmaker Casino<\/strong><\/p>\n<p>Kingmaker Casino bietet eine gro\u00dfe Auswahl an Boni f\u00fcr neue und bestehende Spieler. Unabh\u00e4ngig von Ihrem Spielstil und Ihren Vorlieben finden Sie hier Aktionen, die Ihren Bed\u00fcrfnissen entsprechen. Hier sind einige der verf\u00fcgbaren Boni:<\/p>\n<ul>\n<li><strong>Willkommensbonus<\/strong><\/li>\n<li><strong>Einzahlungsboni<\/strong><\/li>\n<li><strong>Sportwetten Bonusse<\/strong><\/li>\n<li><strong>Loyalit\u00e4tsprogramm<\/strong><\/li>\n<\/ul>\n<p>Sie k\u00f6nnen Ihr Abenteuer mit einem gro\u00dfz\u00fcgigen <strong>Willkommensbonus<\/strong> aus Ihrem ersten Spiel. <strong>Bei Kingmaker anmelden<\/strong> und genie\u00dfen Sie exklusive Angebote w\u00e4hrend all Ihrer Spielsitzungen.<\/p>\n\t\t\t\t<\/div>\n\n\t\t\t\t<div class=\"kingmakercasinos-btn-block kingmakercasinos-btn-block--center\">\n\t\t\t\t\t\t\t\t\t\t\t<a rel=\"nofollow\" class=\"kingmakercasinos-btn kingmakercasinos-btn--primary\" href=\"\/kingmaker\/\" target=\"_self\">Rekister\u00f6i<\/a>\n\t\t\t\t\t\t\t\t\t<\/div>\n\n\t\t\t<\/div>\n\n\t\t\t<div class=\"kingmakercasinos-col kingmakercasinos-image-col kingmakercasinos-image-col-center\">\n\t\t\t\t\t\t\t\t\t<a rel=\"nofollow\" href=\"\/kingmaker\/\">\n\t\t\t\t\t\t<img loading=\"lazy\" decoding=\"async\" width=\"1000\" height=\"828\" src=\"https:\/\/kingmakerscasino.es\/wp-content\/uploads\/2024\/05\/kiingmaker-bonus-types.jpg\" class=\"attachment-full size-full\" alt=\"K\u00f6nigsmacher-Bonus\" srcset=\"https:\/\/kingmakerscasino.es\/wp-content\/uploads\/2024\/05\/kiingmaker-bonus-types.jpg 1000w, https:\/\/kingmakerscasino.es\/wp-content\/uploads\/2024\/05\/kiingmaker-bonus-types-300x248.jpg 300w, https:\/\/kingmakerscasino.es\/wp-content\/uploads\/2024\/05\/kiingmaker-bonus-types-768x636.jpg 768w\" sizes=\"auto, (max-width: 1000px) 100vw, 1000px\" \/>\t\t\t\t\t<\/a>\n\t\t\t\t\t\t\t<\/div>\n\n\t\t<\/div>\n\t<\/div>\n<\/section>\n\n\n<h3 class=\"wp-block-heading\">Willkommensbonus<\/h3>\n\n\n\n<p>Neue Casino-Spieler werden bei Kingmaker mit einem soliden Willkommensbonus begr\u00fc\u00dft, der <strong>verdoppelt die erste Einzahlung<\/strong> mit einer <strong>100% Bonus bis zu 500 Euro<\/strong>. Dar\u00fcber hinaus erhalten die Spieler <strong>25 Freispiele f\u00fcr Jackpot-Spiele<\/strong>was Ihr Spielerlebnis noch aufregender macht. Hier sind die wichtigsten Details zu diesem Kingmaker Casino Bonus:<\/p>\n\n\n\n<ul class=\"wp-block-list\">\n<li><strong>Einzahlungsbonus:<\/strong> Bis zu 500 EUR<\/li>\n\n\n\n<li><strong>Gratis-Spins:<\/strong> 25 Freispiele bei Jackpot<\/li>\n\n\n\n<li><strong>Mindesteinlage:<\/strong> 20 \u20ac<\/li>\n\n\n\n<li><strong>Wettanforderung:<\/strong> x35 f\u00fcr Bonusgelder, x40 f\u00fcr Freispielgewinne<\/li>\n\n\n\n<li><strong>Unzul\u00e4ssige Einzahlungsmethoden:<\/strong> Skrill und Neteller<\/li>\n<\/ul>\n\n\n\n<p>Der Bonus verl\u00e4ngert die Spielzeit erheblich, aber es ist wichtig, die Umsatzbedingungen zu beachten: <strong>Sie m\u00fcssen den Bonusbetrag 35-mal umsetzen, bevor Sie das Bonusgeld abheben k\u00f6nnen.<\/strong>. Ebenso m\u00fcssen die Gewinne aus Freispielen eingesetzt werden auf <strong>40 Mal<\/strong>. Diese Anforderungen sind in der Online-Casino-Branche ziemlich \u00fcblich, aber es ist ratsam, sich ihrer bewusst zu sein, um die Vorteile des Kingmaker-Bonus in vollem Umfang nutzen zu k\u00f6nnen.<\/p>\n\n\n\n<p><strong>F\u00fcr Sportwetten-Fans bietet das Kingmaker Casino au\u00dferdem einen attraktiven Willkommensbonus:<\/strong><\/p>\n\n\n\n<ul class=\"wp-block-list\">\n<li><strong>Einzahlungsbonus:<\/strong> 100% der ersten Einzahlung bis zu 100 EUR (kann je nach Land variieren)<\/li>\n\n\n\n<li><strong>Wettanforderung:<\/strong> x1 auf den Betrag der Kaution<\/li>\n\n\n\n<li><strong>Unzul\u00e4ssige Einzahlungsmethoden:<\/strong> Skrill und Neteller<\/li>\n<\/ul>\n\n\n\n<p>Dieser Kingmaker-Bonus ist besonders attraktiv, weil er <strong>geringe Einsatzanforderungen von nur 1x<\/strong>was es den Spielern erleichtert, den Bonus in abhebbare Gelder umzuwandeln. Der maximale Bonusbetrag kann jedoch je nach Land des Spielers variieren, weshalb es empfehlenswert ist, die f\u00fcr den jeweiligen Standort geltenden Bedingungen zu pr\u00fcfen. Wie beim Willkommensbonus des Casinos sind Einzahlungen \u00fcber <strong>Skrill und Neteller<\/strong> sind von dieser Aktion ausgeschlossen.anjaan.<\/p>\n\n\n<section class=\"kingmakercasinos-single-image-section kingmakercasinos-single-image-section--center\">\n\t<div class=\"kingmakercasinos-container\">\n\t\t\t\n\t\t\t\t\t<div class=\"kingmakercasinos-single-image\">\n\t\t\t\t<img loading=\"lazy\" decoding=\"async\" width=\"378\" height=\"349\" src=\"https:\/\/kingmakerscasino.es\/wp-content\/uploads\/2024\/05\/king-welcome-bonus.jpg\" class=\"attachment-full size-full\" alt=\"Willkommensbonus Kingmaker\" srcset=\"https:\/\/kingmakerscasino.es\/wp-content\/uploads\/2024\/05\/king-welcome-bonus.jpg 378w, https:\/\/kingmakerscasino.es\/wp-content\/uploads\/2024\/05\/king-welcome-bonus-300x277.jpg 300w\" sizes=\"auto, (max-width: 378px) 100vw, 378px\" \/>\t\t\t<\/div>  \n\t\t\n\t<\/div>\n<\/section>\n\n\n<h3 class=\"wp-block-heading\">Live-Kasino-Bonus<\/h3>\n\n\n\n<p>Wenn Sie jede Woche im Live-Casino-Bereich von Kingmaker Casino spielen und an Veranstaltungen teilnehmen, k\u00f6nnen Sie einen Cashback von 25% auf Ihre Verluste erhalten, bis zu einem Maximum von 200 \u20ac. Dieses Angebot ist besonders vorteilhaft f\u00fcr Spieler, die Live-Dealer und die authentische Atmosph\u00e4re eines echten Casinos bevorzugen. Mit diesem w\u00f6chentlichen Cashback k\u00f6nnen Sie m\u00f6gliche Verluste ausgleichen und Ihre Spielzeit im Kingmaker Casino verl\u00e4ngern.<\/p>\n\n\n\n<p>Sie k\u00f6nnen diesen Kingmaker-Bonus in Anspruch nehmen, wenn Sie regelm\u00e4\u00dfig an Live-Casino-Spielen teilnehmen. Kingmaker Casino verfolgt Ihre Eins\u00e4tze und schreibt den Cashback w\u00f6chentlich auf Ihr Konto gut, bis zu einem Maximum von 200 \u20ac. Dies ist ein zus\u00e4tzlicher Bonus, der Ihnen hilft, Ihre Bankroll zu verwalten und weiterhin den Nervenkitzel der Live-Dealer zu genie\u00dfen.<\/p>\n\n\n<section class=\"kingmakercasinos-text-section\">\n\t<div class=\"kingmakercasinos-container\">\n\n\t\t<div class=\"kingmakercasinos-text-copy\">\n\t\t\t\t\t<\/div>\n\n\t\t<div class=\"kingmakercasinos-btn-block kingmakercasinos-btn-block--center\">\n\t\t\t\t\t\t\t<a rel=\"nofollow\" class=\"kingmakercasinos-btn kingmakercasinos-btn--primary\" href=\"\/kingmaker\/\" target=\"_self\">Rekister\u00f6i<\/a>\n\t\t\t\t\t<\/div>\n\n\t<\/div>\n<\/section>\n\n\n<h3 class=\"wp-block-heading\">Fallenlassen &amp; Gewinnen<\/h3>\n\n\n\n<p>Kingmaker Casino ist stets bem\u00fcht, seine Spieler mit neuen und aufregenden Gewinnm\u00f6glichkeiten zu \u00fcberraschen. Eines dieser exklusiven Angebote ist Drops &amp; Wins. Derzeit f\u00fchrt Kingmaker Casino in Zusammenarbeit mit Pragmatic Play eine spannende Kampagne namens Drops &amp; Wins Live Casino durch, mit einem beeindruckenden Preispool von 1.040.000 \u20ac. Die Drops &amp; Wins-Kampagne konzentriert sich auf das beliebte Mega Wheel Live-Casino-Spiel.<\/p>\n\n\n\n<p>Die Teilnahme an der Drops &amp; Wins-Aktion ist ganz einfach. Die Spieler nehmen einfach w\u00e4hrend des Bonuszeitraums im Kingmaker Casino am Mega Wheel-Spiel teil. Die Preise werden nach dem Zufallsprinzip durch t\u00e4gliche Drops vergeben, und bei w\u00f6chentlichen Turnieren gibt es auch Belohnungen, die auf einer Rangliste basieren. Je mehr Sie spielen, desto gr\u00f6\u00dfer sind Ihre Gewinnchancen.<\/p>\n\n\n\n<p>Die wichtigsten Merkmale dieses Kingmaker-Bonus:<\/p>\n\n\n<section class=\"kingmakercasinos-single-image-section kingmakercasinos-single-image-section--center\">\n\t<div class=\"kingmakercasinos-container\">\n\t\t\t\n\t\t\t\t\t<div class=\"kingmakercasinos-single-image\">\n\t\t\t\t<img loading=\"lazy\" decoding=\"async\" width=\"810\" height=\"490\" src=\"https:\/\/kingmakerscasino.es\/wp-content\/uploads\/2024\/05\/Sport-Welcome-Bonus.jpg\" class=\"attachment-full size-full\" alt=\"Sport-Willkommensbonus\" srcset=\"https:\/\/kingmakerscasino.es\/wp-content\/uploads\/2024\/05\/Sport-Welcome-Bonus.jpg 810w, https:\/\/kingmakerscasino.es\/wp-content\/uploads\/2024\/05\/Sport-Welcome-Bonus-300x181.jpg 300w, https:\/\/kingmakerscasino.es\/wp-content\/uploads\/2024\/05\/Sport-Welcome-Bonus-768x465.jpg 768w\" sizes=\"auto, (max-width: 810px) 100vw, 810px\" \/>\t\t\t<\/div>  \n\t\t\n\t<\/div>\n<\/section>\n\n\n<ul class=\"wp-block-list\">\n<li>Gigantischer Preispool: Er wird \u00fcber t\u00e4gliche und w\u00f6chentliche Preise verteilt, was die Gewinnchancen der Teilnehmer deutlich erh\u00f6ht.<\/li>\n\n\n\n<li>Keine Umsatzbedingungen: Eines der attraktivsten Merkmale dieses Kingmaker Casino-Bonus ist, dass alle Gewinne in bar und ohne Umsatzbedingungen gutgeschrieben werden. Die Spieler k\u00f6nnen sich ihre Gewinne sofort auszahlen lassen, ohne zus\u00e4tzliche Rollover-Bedingungen erf\u00fcllen zu m\u00fcssen.<\/li>\n\n\n\n<li>T\u00e4gliche und w\u00f6chentliche Preise: Der Preispool ist in t\u00e4gliche Drops und w\u00f6chentliche Turniere aufgeteilt, so dass Sie w\u00e4hrend des gesamten Aktionszeitraums mehrere Gewinnchancen haben.<\/li>\n<\/ul>\n\n\n\n<p>F\u00fcr weitere Informationen empfehlen wir Ihnen einen Blick auf den Drops &amp; Wins-Bonus im Aktionsbereich von Kingmaker Casino. Au\u00dferdem k\u00f6nnen Sie sich an den Kundendienst wenden, um die Bedingungen zu erfahren und Missverst\u00e4ndnisse zu vermeiden.<\/p>\n\n\n\n<style>\n\t.kingmakercasinos-spacer-707208161 {\n\t\theight: 57px;\n\t\tbackground: ;\n\t}\n\t@media only screen and (max-width : 991px) {\n\t\t.kingmakercasinos-spacer-707208161 {\n\t\t\theight: 45px;\n\t\t}\n\t}\n\t@media only screen and (max-width : 575px) {\n\t\t.kingmakercasinos-spacer-707208161 {\n\t\t\theight: 30px;\n\t\t}\n\t}\n<\/style>\n\n<div class=\"kingmakercasinos-spacer kingmakercasinos-spacer-707208161\"><\/div>\n\n\n<p><\/p>","protected":false},"excerpt":{"rendered":"<p>Bono de Bienvenida Los nuevos jugadores de casino en Kingmaker son recibidos con un s\u00f3lido bono de bienvenida que duplica el primer dep\u00f3sito con un bono del 100% hasta 500 euros. Adem\u00e1s, los jugadores reciben 25 giros gratis en juegos de Jackpot, lo que aumenta la emoci\u00f3n de su experiencia de juego. A continuaci\u00f3n, los [&hellip;]<\/p>\n","protected":false},"author":1,"featured_media":0,"parent":0,"menu_order":0,"comment_status":"closed","ping_status":"closed","template":"","meta":{"_acf_changed":false,"inline_featured_image":false,"footnotes":""},"class_list":["post-645","page","type-page","status-publish","hentry"],"acf":[],"_links":{"self":[{"href":"https:\/\/kingmakerscasino.es\/ch\/wp-json\/wp\/v2\/pages\/645","targetHints":{"allow":["GET"]}}],"collection":[{"href":"https:\/\/kingmakerscasino.es\/ch\/wp-json\/wp\/v2\/pages"}],"about":[{"href":"https:\/\/kingmakerscasino.es\/ch\/wp-json\/wp\/v2\/types\/page"}],"author":[{"embeddable":true,"href":"https:\/\/kingmakerscasino.es\/ch\/wp-json\/wp\/v2\/users\/1"}],"replies":[{"embeddable":true,"href":"https:\/\/kingmakerscasino.es\/ch\/wp-json\/wp\/v2\/comments?post=645"}],"version-history":[{"count":15,"href":"https:\/\/kingmakerscasino.es\/ch\/wp-json\/wp\/v2\/pages\/645\/revisions"}],"predecessor-version":[{"id":906,"href":"https:\/\/kingmakerscasino.es\/ch\/wp-json\/wp\/v2\/pages\/645\/revisions\/906"}],"wp:attachment":[{"href":"https:\/\/kingmakerscasino.es\/ch\/wp-json\/wp\/v2\/media?parent=645"}],"curies":[{"name":"wp","href":"https:\/\/api.w.org\/{rel}","templated":true}]}}