{"id":89,"date":"2024-01-22T13:01:45","date_gmt":"2024-01-22T13:01:45","guid":{"rendered":"https:\/\/kingmakercasinos.com\/?page_id=89"},"modified":"2025-02-06T08:03:39","modified_gmt":"2025-02-06T08:03:39","slug":"home","status":"publish","type":"page","link":"https:\/\/kingmakerscasino.es\/ch\/","title":{"rendered":"Kingmaker Casino \u00dcberpr\u00fcfung"},"content":{"rendered":"<section class=\"kingmakercasinos-banner kingmakercasinos-banner--centered kingmakercasinos-color--secondary kingmakercasinos-banner--img-bg\" \nstyle=\"            background-image: url(https:\/\/kingmakerscasino.es\/wp-content\/uploads\/2024\/04\/bg-u-desktop.jpg);    \">\n\t<div class=\"kingmakercasinos-container\">\n\t\t<div class=\"kingmakercasinos-row\">\n\t\t\t<div class=\"kingmakercasinos-banner-wrap\">\n\n\t\t\t\t\t\t\t\t\t<h1>Kingmaker Casino Bewertung<\/h1>\n\t\t\t\t\t\t\t\t\n\t\t\t\t\t\t\t\t\n\t\t\t\t\t\t\t\t\t<a rel=\"nofollow\" class=\"kingmakercasinos-btn kingmakercasinos-btn--primary\" href=\"\/kingmaker\/\" target=\"_self\">Spielen<\/a>\n\t\t\t\t\n\t\t\t<\/div>\n\t\t<\/div> \n\t<\/div>\n<\/section>\n\n<section class=\"kingmakercasinos-text-section\">\n\t<div class=\"kingmakercasinos-container\">\n\n\t\t<div class=\"kingmakercasinos-text-copy\">\n\t\t\t<p>Das Kingmaker Casino, das mit einer Lizenz aus Cura\u00e7ao betrieben wird, bietet seinen Spielern eine gro\u00dfe Auswahl an Spielen mit \u00fcber 8.500 Titeln, darunter Slots, traditionelle Tischspiele und Live-Dealer-Optionen. Das Casino arbeitet mit beliebten Anbietern wie NetEnt, Evolution Gaming und Play'N GO zusammen, um einen fairen und transparenten Spielprozess zu gew\u00e4hrleisten. Dar\u00fcber hinaus setzt Kingmaker Casino hochgradige Verschl\u00fcsselungstechnologien ein, um sicherzustellen, dass Ihre Informationen vertraulich und gesch\u00fctzt bleiben.<\/p>\n<p>Die Plattform ist f\u00fcr mobile Ger\u00e4te optimiert. Wenn Sie also unterwegs spielen m\u00f6chten, bietet Kingmaker Casino eine mobilfreundliche Schnittstelle, die ein reibungsloses Erlebnis und eine einfache Navigation gew\u00e4hrleistet. In diesem Kingmaker Casino Test werden wir uns den Registrierungsprozess, die verf\u00fcgbaren Boni, Spiele, den Support und andere wichtige Aspekte ansehen.<\/p>\n\t\t<\/div>\n\n\t\t<div class=\"kingmakercasinos-btn-block kingmakercasinos-btn-block--left\">\n\t\t\t\t\t<\/div>\n\n\t<\/div>\n<\/section>\n\n<section class=\"kingmakercasinos-single-image-section kingmakercasinos-single-image-section--center\">\n\t<div class=\"kingmakercasinos-container\">\n\t\t\t\n\t\t\t\t\t<div class=\"kingmakercasinos-single-image\">\n\t\t\t\t<img loading=\"lazy\" decoding=\"async\" width=\"1000\" height=\"487\" src=\"https:\/\/kingmakerscasino.es\/wp-content\/uploads\/2024\/05\/Kingmaker-Casino.jpg\" class=\"attachment-full size-full\" alt=\"K\u00f6nigsmacher Kasino\" srcset=\"https:\/\/kingmakerscasino.es\/wp-content\/uploads\/2024\/05\/Kingmaker-Casino.jpg 1000w, https:\/\/kingmakerscasino.es\/wp-content\/uploads\/2024\/05\/Kingmaker-Casino-300x146.jpg 300w, https:\/\/kingmakerscasino.es\/wp-content\/uploads\/2024\/05\/Kingmaker-Casino-768x374.jpg 768w\" sizes=\"auto, (max-width: 1000px) 100vw, 1000px\" \/>\t\t\t<\/div>  \n\t\t\n\t<\/div>\n<\/section>\n\n<section class=\"kingmakercasinos-text-with-image-section\">\n\t<div class=\"kingmakercasinos-container\">\n\t\t<div class=\"kingmakercasinos-row\">\n\n\t\t\t<div class=\"kingmakercasinos-col kingmakercasinos-copy-col\">\n\n\t\t\t\t<div class=\"kingmakercasinos-text-copy\">\n\t\t\t\t\t<p><strong>Kingmaker Casino Anmeldung<\/strong><\/p>\n<p><strong>Schritt 1: Zugriff auf die Website<\/strong><\/p>\n<p>Um mit dem Spielen im Kingmaker Casino zu beginnen, besuchen Sie die offizielle Website mit einem beliebigen Webbrowser Ihrer Wahl. Die Website ist intuitiv und benutzerfreundlich und macht es einfach, von einem Computer oder einem mobilen Ger\u00e4t zu navigieren.<\/p>\n<p><strong>Schritt 2: Klicken Sie auf \"Registrieren\".<\/strong><\/p>\n<p>Klicken Sie auf die Schaltfl\u00e4che \"Registrieren\" auf der Kingmaker Casino-Homepage, die sich in der oberen rechten Ecke der Seite befindet. Dadurch wird der Registrierungsprozess gestartet und Sie werden aufgefordert, die notwendigen Informationen zur Erstellung Ihres Kontos einzugeben.<\/p>\n<p><strong>Schritt 3: W\u00e4hlen Sie den Registrierungsbonus<\/strong><\/p>\n<p>Als neuer Spieler k\u00f6nnen Sie bei der Registrierung einen Willkommensbonus ausw\u00e4hlen. Sie haben vier M\u00f6glichkeiten: das Casino-Willkommensangebot, das Sportwettenangebot, die M\u00f6glichkeit, einen Promotionscode einzugeben, wenn Sie einen haben, oder ohne Bonus weiterzumachen. Informieren Sie sich \u00fcber die Bedingungen des Angebots, das Sie interessiert, um alle Vorteile nutzen zu k\u00f6nnen.<\/p>\n<p><strong>Schritt 4: Geben Sie Ihre Anmeldedaten ein<\/strong><\/p>\n<p>Als n\u00e4chstes geben Sie Ihre E-Mail-Adresse ein und erstellen ein sicheres Passwort f\u00fcr Ihr Kingmaker Casino-Konto. Stellen Sie sicher, dass Ihr Passwort sicher genug ist und den Sicherheitsanforderungen der Plattform entspricht. Auf der gleichen Seite sollten Sie die Allgemeinen Gesch\u00e4ftsbedingungen von Kingmaker Casino sowie die Datenschutzrichtlinien lesen und das K\u00e4stchen ankreuzen, das angibt, dass Sie mindestens 18 Jahre alt sind. Sie k\u00f6nnen sich auch anmelden, um \u00fcber Ihren bevorzugten Kommunikationskanal \u00fcber neue Boni und Aktionen informiert zu werden.<\/p>\n<p><strong>Schritt 5: Vervollst\u00e4ndigen Sie Ihre Informationen<\/strong><\/p>\n<p>In der letzten Phase der Registrierung geben Sie die grundlegenden Daten f\u00fcr Ihr Konto an. Geben Sie Ihren Vor- und Nachnamen, Ihr Geburtsdatum, Ihr Geschlecht, Ihr Land, Ihre bevorzugte W\u00e4hrung, Ihre Telefonnummer, Ihre Stadt, Ihre Adresse und Ihre Postleitzahl an. Wenn Sie sich vergewissert haben, dass alle Angaben korrekt sind, klicken Sie auf die Schaltfl\u00e4che \"Konto erstellen\", um den Anmeldevorgang abzuschlie\u00dfen.<\/p>\n\t\t\t\t<\/div>\n\n\t\t\t\t<div class=\"kingmakercasinos-btn-block kingmakercasinos-btn-block--center\">\n\t\t\t\t\t\t\t\t\t\t\t<a rel=\"nofollow\" class=\"kingmakercasinos-btn kingmakercasinos-btn--primary\" href=\"\/kingmaker\/\" target=\"_self\">Pelaa<\/a>\n\t\t\t\t\t\t\t\t\t<\/div>\n\n\t\t\t<\/div>\n\n\t\t\t<div class=\"kingmakercasinos-col kingmakercasinos-image-col kingmakercasinos-image-col-center\">\n\t\t\t\t\t\t\t\t\t<a rel=\"nofollow\" href=\"\/kingmaker\/\">\n\t\t\t\t\t\t<img loading=\"lazy\" decoding=\"async\" width=\"359\" height=\"878\" src=\"https:\/\/kingmakerscasino.es\/wp-content\/uploads\/2024\/05\/Kingmaker.jpg\" class=\"attachment-full size-full\" alt=\"K\u00f6nigsmacher\" srcset=\"https:\/\/kingmakerscasino.es\/wp-content\/uploads\/2024\/05\/Kingmaker.jpg 359w, https:\/\/kingmakerscasino.es\/wp-content\/uploads\/2024\/05\/Kingmaker-123x300.jpg 123w\" sizes=\"auto, (max-width: 359px) 100vw, 359px\" \/>\t\t\t\t\t<\/a>\n\t\t\t\t\t\t\t<\/div>\n\n\t\t<\/div>\n\t<\/div>\n<\/section>\n\n<section class=\"kingmakercasinos-text-section\">\n\t<div class=\"kingmakercasinos-container\">\n\n\t\t<div class=\"kingmakercasinos-text-copy\">\n\t\t\t<h2>Kingmaker Casino M\u00fcnzen verf\u00fcgbar<\/h2>\n<p>Im Kingmaker Casino k\u00f6nnen die Spieler aus einer Reihe von W\u00e4hrungen w\u00e4hlen, um ihre Transaktionen zu t\u00e4tigen. Zu den am h\u00e4ufigsten akzeptierten W\u00e4hrungen im Kingmaker Casino geh\u00f6ren der Euro (EUR), der US-Dollar (USD), der Kanadische Dollar (CAD), der Australische Dollar (AUD) und die Norwegische Krone (NOK). In dieser Kingmaker Casino-Bewertung werden nur einige Optionen erw\u00e4hnt, und es ist wichtig zu beachten, dass die Verf\u00fcgbarkeit von W\u00e4hrungen je nach Standort des Spielers und den spezifischen Vorschriften der jeweiligen Gerichtsbarkeit variieren kann.<\/p>\n<p>Kingmaker Casino bietet auch die M\u00f6glichkeit, Kryptow\u00e4hrungen f\u00fcr Transaktionen zu verwenden. Auf dieser Plattform k\u00f6nnen die Spieler verschiedene Kryptow\u00e4hrungen wie Bitcoin (BTC), Ethereum (ETH), Litecoin (LTC), Shiba Inu (SHIB) und andere verwenden.<\/p>\n\t\t<\/div>\n\n\t\t<div class=\"kingmakercasinos-btn-block kingmakercasinos-btn-block--left\">\n\t\t\t\t\t<\/div>\n\n\t<\/div>\n<\/section>\n\n<section class=\"kingmakercasinos-single-image-section kingmakercasinos-single-image-section--center\">\n\t<div class=\"kingmakercasinos-container\">\n\t\t\t\n\t\t\t\t\t<a rel=\"nofollow\" href=\"\/kingmaker\/\" class=\"kingmakercasinos-single-image\">\n\t\t\t\t<img loading=\"lazy\" decoding=\"async\" width=\"848\" height=\"850\" src=\"https:\/\/kingmakerscasino.es\/wp-content\/uploads\/2024\/05\/Games-at-Kingmaker-Casino.jpg\" class=\"attachment-full size-full\" alt=\"Spiele im Kingmaker Casino\" srcset=\"https:\/\/kingmakerscasino.es\/wp-content\/uploads\/2024\/05\/Games-at-Kingmaker-Casino.jpg 848w, https:\/\/kingmakerscasino.es\/wp-content\/uploads\/2024\/05\/Games-at-Kingmaker-Casino-300x300.jpg 300w, https:\/\/kingmakerscasino.es\/wp-content\/uploads\/2024\/05\/Games-at-Kingmaker-Casino-150x150.jpg 150w, https:\/\/kingmakerscasino.es\/wp-content\/uploads\/2024\/05\/Games-at-Kingmaker-Casino-768x770.jpg 768w\" sizes=\"auto, (max-width: 848px) 100vw, 848px\" \/>\t\t\t<\/a>\n\t\t\n\t<\/div>\n<\/section>\n\n\n<h2 class=\"wp-block-heading\">Kingmaker Casino Boni<\/h2>\n\n\n\n<p>Kingmaker Casino bietet eine unglaubliche Vielfalt an Bonusoptionen. Die Spieler k\u00f6nnen mehrere Vorteile genie\u00dfen, von Willkommensbonussen bis hin zu laufenden Aktionen, die ihr Spielerlebnis bereichern. Das Willkommenspaket ist besonders attraktiv und bietet neuen Mitgliedern Einzahlungsboni und Freispiele, um ihr Abenteuer zu beginnen. Regelm\u00e4\u00dfige Einzahlungsboni und Cashback-Angebote sind ebenfalls verf\u00fcgbar. In diesem Kingmaker Casino Test gehen wir auf die Willkommensboni, die regelm\u00e4\u00dfigen Casino-Aktionen und die Sportwettenboni ein.<\/p>\n\n\n\n<h3 class=\"wp-block-heading\">Willkommensbonus<\/h3>\n\n\n\n<p>Kingmaker begr\u00fc\u00dft neue Casinospieler mit einem Willkommensbonus: ein 100% Bonus auf Einzahlungen bis zu 500 \u20ac und 25 Freispiele bei Jackpot. Zahlen Sie mindestens 20 \u20ac ein, um Ihr Startguthaben zu verdoppeln und zus\u00e4tzliche Drehs bei Jackpot-Spielen zu genie\u00dfen.<\/p>\n\n\n\n<p>Obwohl der Bonus Ihr Spielguthaben erh\u00f6ht, m\u00fcssen Sie sich an eine <strong>Einsatzanforderung von x35<\/strong> bevor Sie Bonusgelder abheben. Dar\u00fcber hinaus unterliegen Gewinne aus Freispielen einer <strong>Wettanforderung von x40<\/strong>. Bitte beachten Sie, dass Einzahlungen \u00fcber Skrill und Neteller f\u00fcr diese Aktion nicht zul\u00e4ssig sind.<\/p>\n\n\n<section class=\"kingmakercasinos-single-image-section kingmakercasinos-single-image-section--center\">\n\t<div class=\"kingmakercasinos-container\">\n\t\t\t\n\t\t\t\t\t<div class=\"kingmakercasinos-single-image\">\n\t\t\t\t<img loading=\"lazy\" decoding=\"async\" width=\"373\" height=\"354\" src=\"https:\/\/kingmakerscasino.es\/wp-content\/uploads\/2024\/05\/Slots-at-Kingmaker-Casino.jpg\" class=\"attachment-full size-full\" alt=\"Spielautomaten im Kingmaker Casino\" srcset=\"https:\/\/kingmakerscasino.es\/wp-content\/uploads\/2024\/05\/Slots-at-Kingmaker-Casino.jpg 373w, https:\/\/kingmakerscasino.es\/wp-content\/uploads\/2024\/05\/Slots-at-Kingmaker-Casino-300x285.jpg 300w\" sizes=\"auto, (max-width: 373px) 100vw, 373px\" \/>\t\t\t<\/div>  \n\t\t\n\t<\/div>\n<\/section>\n\n\n<h3 class=\"wp-block-heading\">Regelm\u00e4\u00dfige Casino-Boni<\/h3>\n\n\n\n<p>Kingmaker Casino unterst\u00fctzt und motiviert seine Stammspieler mit regelm\u00e4\u00dfigen Casino-Boni. Dazu geh\u00f6ren unter anderem:\u00a0<\/p>\n\n\n\n<ul class=\"wp-block-list\">\n<li>Weekend Reload Bonus: Sie k\u00f6nnen bis zu 700 \u20ac und 50 Freispiele erhalten, wenn Sie zwischen Freitag 00:00 Uhr und Sonntag 23:59 Uhr eine Einzahlung t\u00e4tigen.<\/li>\n\n\n\n<li>W\u00f6chentliche Freispiele: Spielen Sie von Montag bis Donnerstag und erhalten Sie 50 Freispiele.<\/li>\n\n\n\n<li>Live-Casino-Bonus: Spielen Sie jede Woche Spiele und Events im Live-Casino-Bereich und erhalten Sie einen 25% Cashback von bis zu 200 \u20ac.<\/li>\n\n\n\n<li>Cashback-Bonus: Genie\u00dfen Sie einen w\u00f6chentlichen Cashback von 15% auf Ihre Verluste, mit einem Maximum von \u20ac3.000, abh\u00e4ngig von Ihrem VIP-Level.<\/li>\n<\/ul>\n\n\n\n<h3 class=\"wp-block-heading\">Willkommensbonus f\u00fcr Sportwetten<\/h3>\n\n\n\n<p>Kingmaker Casinolla urheiluvedonly\u00f6nnin yst\u00e4v\u00e4t voivat aloittaa matkansa anteliaalla 100% tervetuliaisbonuksella ensimm\u00e4isest\u00e4 talletuksesta 100 euroon asti. Enimm\u00e4issumma kuitenkin vaihtelee ja voi olla suurempi tai pienempi riippuen pelaajan maasta. Kierr\u00e4tysvaatimus on vain on x1, mutta on syyt\u00e4 mainita, ett\u00e4 jos lataat saldosi Netellerin tai Skrillin kautta, n\u00e4m\u00e4 talletukset eiv\u00e4t oikeuta t\u00e4h\u00e4n bonukseen.<\/p>\n\n\n\n<p>Mit dem Bonusgeld k\u00f6nnen Sie mehr Wetten platzieren und Ihr Gl\u00fcck bei einer Vielzahl von Sportereignissen versuchen. Ob Fu\u00dfball, Tennis, Basketball oder eine andere Sportart, der Willkommensbonus kann Ihre Chancen auf einen erfolgreichen Ausgang erh\u00f6hen.<\/p>\n\n\n\n<h3 class=\"wp-block-heading\">Regelm\u00e4\u00dfige Sportwetten-Boni<\/h3>\n\n\n\n<p>Die regelm\u00e4\u00dfigen Sportwetten-Boni des Kingmaker Casinos er\u00f6ffnen eine Welt voller M\u00f6glichkeiten f\u00fcr h\u00e4ufige Nutzer der Plattform. Unter den Sportbonusangeboten finden Sie die folgenden Aktionen:<\/p>\n\n\n\n<ul class=\"wp-block-list\">\n<li><strong>10% Cashback Bonus bis zu 500 Euro<\/strong><\/li>\n\n\n\n<li><strong>Bohrlochzeichnung 100% R\u00fcckerstattung<\/strong><\/li>\n\n\n\n<li><strong>Aufr\u00fcstung des Akkumulators auf 100%<\/strong><\/li>\n\n\n\n<li><strong>Vorschusszahlungen<\/strong><\/li>\n\n\n\n<li><strong>50% w\u00f6chentlicher Aufladegutschein bis zu 500 Euro<\/strong><\/li>\n<\/ul>\n\n\n\n<p>Dieser Kingmaker Casino Test bietet eine kurze Zusammenfassung der Boni, also vergessen Sie nicht, sich den Bonusbereich anzusehen. <strong>Bonusbedingungen und Konditionen<\/strong> f\u00fcr weitere n\u00fctzliche Informationen \u00fcber Werbeaktionen.<\/p>\n\n\n<section class=\"kingmakercasinos-text-section\">\n\t<div class=\"kingmakercasinos-container\">\n\n\t\t<div class=\"kingmakercasinos-text-copy\">\n\t\t\t\t\t<\/div>\n\n\t\t<div class=\"kingmakercasinos-btn-block kingmakercasinos-btn-block--center\">\n\t\t\t\t\t\t\t<a rel=\"nofollow\" class=\"kingmakercasinos-btn kingmakercasinos-btn--primary\" href=\"\/kingmaker\/\" target=\"_self\">Pelaa<\/a>\n\t\t\t\t\t<\/div>\n\n\t<\/div>\n<\/section>\n\n\n<h2 class=\"wp-block-heading\">Kingmaker Casino Spiele<\/h2>\n\n\n\n<p>Von klassischen Tischspielen bis hin zu aufregenden Spielautomaten bietet das Kingmaker Casino alles, was Sie f\u00fcr eine aufregende Spielsession ben\u00f6tigen. Mit \u00fcber 8.500 verf\u00fcgbaren Optionen kann jeder Spieler etwas von Interesse finden. In diesem Kingmaker Casino Test werden wir die Spielautomaten, Live-Casino-Spiele und Sportwetten-Optionen eingehender untersuchen.<\/p>\n\n\n\n<p>Kingmaker Casino ist in Cura\u00e7ao lizenziert und reguliert, was eine faire und sichere Spielumgebung garantiert. Unabh\u00e4ngige Wirtschaftspr\u00fcfungsgesellschaften kontrollieren alle Spiele, um Fairness zu gew\u00e4hrleisten.<\/p>\n\n\n<section class=\"kingmakercasinos-single-image-section kingmakercasinos-single-image-section--center\">\n\t<div class=\"kingmakercasinos-container\">\n\t\t\t\n\t\t\t\t\t<div class=\"kingmakercasinos-single-image\">\n\t\t\t\t<img loading=\"lazy\" decoding=\"async\" width=\"1000\" height=\"476\" src=\"https:\/\/kingmakerscasino.es\/wp-content\/uploads\/2024\/05\/kingmaker-slots.jpg\" class=\"attachment-full size-full\" alt=\"Kingmaker Casino \u00dcberpr\u00fcfung\" srcset=\"https:\/\/kingmakerscasino.es\/wp-content\/uploads\/2024\/05\/kingmaker-slots.jpg 1000w, https:\/\/kingmakerscasino.es\/wp-content\/uploads\/2024\/05\/kingmaker-slots-300x143.jpg 300w, https:\/\/kingmakerscasino.es\/wp-content\/uploads\/2024\/05\/kingmaker-slots-768x366.jpg 768w\" sizes=\"auto, (max-width: 1000px) 100vw, 1000px\" \/>\t\t\t<\/div>  \n\t\t\n\t<\/div>\n<\/section>\n\n\n<h3 class=\"wp-block-heading\">Steckpl\u00e4tze<\/h3>\n\n\n\n<p>Kingmaker Casino bietet eine gro\u00dfe Auswahl an Spielautomaten, aus denen die Spieler w\u00e4hlen k\u00f6nnen. Jeder Spin bringt Aufregung mit zahlreichen interessanten Spielen wie <strong>Wolf Gold, Tal der G\u00f6tter, Reactoonz, Fire Joker und Bullet Hole<\/strong>. Renommierte Spielanbieter wie <strong>NetEnt, Yggdrasil, Play'n GO und Quickspin<\/strong> gew\u00e4hrleisten, dass jeder Spielautomat von h\u00f6chster Qualit\u00e4t ist, unabh\u00e4ngig davon, ob die Spieler von einem mobilen Ger\u00e4t oder einem Desktop-Computer aus zugreifen.<\/p>\n\n\n\n<h3 class=\"wp-block-heading\">Live-Casino-Spiele<\/h3>\n\n\n\n<p>In dem Abschnitt <strong>K\u00f6nigsmacher Live Kasino<\/strong>Mit Live-Casino-Spielen k\u00f6nnen Sie die ganze Spannung eines echten Casinos bequem von zu Hause aus erleben. Die Live-Casino-Spiele verf\u00fcgen \u00fcber professionelle Dealer in Echtzeit, die ein authentisches Spielerlebnis garantieren. Kingmaker Live Casino bietet eine gro\u00dfe Auswahl an Tischspielen und spannenden Spielen im Show-Stil, darunter:<\/p>\n\n\n\n<ul class=\"wp-block-list\">\n<li><strong>Blackjack<\/strong><\/li>\n\n\n\n<li><strong>Roulette<\/strong><\/li>\n\n\n\n<li><strong>Bakkarat<\/strong><\/li>\n\n\n\n<li><strong>Poker<\/strong><\/li>\n\n\n\n<li><strong>Gl\u00fccksroulette<\/strong><\/li>\n\n\n\n<li><strong>Monopoly Live<\/strong><\/li>\n<\/ul>\n\n\n<section class=\"kingmakercasinos-text-section\">\n\t<div class=\"kingmakercasinos-container\">\n\n\t\t<div class=\"kingmakercasinos-text-copy\">\n\t\t\t\t\t<\/div>\n\n\t\t<div class=\"kingmakercasinos-btn-block kingmakercasinos-btn-block--center\">\n\t\t\t\t\t\t\t<a rel=\"nofollow\" class=\"kingmakercasinos-btn kingmakercasinos-btn--primary\" href=\"\/kingmaker\/\" target=\"_self\">Pelaa<\/a>\n\t\t\t\t\t<\/div>\n\n\t<\/div>\n<\/section>\n\n\n<h3 class=\"wp-block-heading\">Sportwetten<\/h3>\n\n\n\n<p>Kingmaker Casino bietet auch ein <strong>SPORTWETTEN<\/strong> wurde sowohl f\u00fcr erfahrene Wettende als auch f\u00fcr Anf\u00e4nger entwickelt. Die intuitive Benutzeroberfl\u00e4che, die vielf\u00e4ltigen Sportm\u00e4rkte und die Live-Wettoptionen sorgen f\u00fcr ein spannendes Erlebnis f\u00fcr alle Nutzer.<\/p>\n\n\n\n<ul class=\"wp-block-list\">\n<li>Benutzerfreundliche Oberfl\u00e4che: Einfache Navigation und schneller Zugang zu den Ereignissen erleichtern das Wetten.<\/li>\n\n\n\n<li>Breit gef\u00e4cherte Sportm\u00e4rkte: Von beliebten Sportarten wie Fu\u00dfball und Basketball bis hin zu Esports-Wettbewerben gibt es eine Vielzahl von M\u00f6glichkeiten zu entdecken.<\/li>\n\n\n\n<li>Konkurrenzf\u00e4hige Gewinnchancen und Promotionen: Kingmaker Casino bietet attraktive Gewinnchancen und h\u00e4ufige Promotionen, die den Wert f\u00fcr Spieler erh\u00f6hen.<\/li>\n<\/ul>\n\n\n\n<h3 class=\"wp-block-heading\">Live-Wetten<\/h3>\n\n\n\n<p>Kingmaker Casino bietet ein Spielerlebnis <strong>LIVE-WETTEN<\/strong> f\u00fcr Sportwetten-Fans. Die Plattform erm\u00f6glicht es Ihnen, Ereignisse in Echtzeit zu verfolgen und sich wie im Stadion zu f\u00fchlen, und das alles bequem von zu Hause aus. Es spielt keine Rolle, ob Sie ein erfahrener Wettender oder ein Anf\u00e4nger sind, denn Kingmaker bietet eine Vielzahl von Wettm\u00f6glichkeiten. Es gibt eine umfangreiche Sammlung von <strong>LIVE-WETTEN<\/strong> auf Sportarten wie Fu\u00dfball, Tennis, Basketball, Eishockey, Boxen und viele mehr. Sie k\u00f6nnen auf die wichtigsten Spiele und Wettbewerbe wetten und das Geschehen live verfolgen.<\/p>\n\n\n\n<h3 class=\"wp-block-heading\">Technische Unterst\u00fctzung<\/h3>\n\n\n\n<p>Kingmaker Casino bietet einen professionellen Kundensupport f\u00fcr alle Spieler. Ein engagiertes Team von technischen Experten steht Ihnen 24 Stunden am Tag zur Verf\u00fcgung, um Ihnen bei allen Problemen oder Fragen zu helfen, die Sie beim Genie\u00dfen von Casino-Spielen haben k\u00f6nnten. Sie k\u00f6nnen das technische Support-Team jederzeit per Live-Chat oder per E-Mail an support@kingmaker.com kontaktieren, und die Spezialisten werden Ihnen helfen.<\/p>\n\n\n\n<h2 class=\"wp-block-heading\">K\u00f6nigsmacher-Lizenz<\/h2>\n\n\n\n<p>Kingmaker Casino arbeitet mit einer international anerkannten Lizenz aus Cura\u00e7ao. Diese Lizenz zeigt das Engagement des Casinos, ein sicheres, faires und unterhaltsames Spielumfeld f\u00fcr alle Spieler zu bieten. Die Cura\u00e7ao-Lizenz bescheinigt die Einhaltung der strengen Vorschriften und stellt sicher, dass alle Casino-Aktivit\u00e4ten den Branchenstandards entsprechen. Wenn Sie sich daf\u00fcr entscheiden, im Kingmaker Casino zu spielen, k\u00f6nnen Sie sicher sein, dass Sie eine transparente, ehrliche und faire Spielplattform unterst\u00fctzen, die verantwortungsvolles Spielen f\u00f6rdert.<\/p>\n\n\n\n<h2 class=\"wp-block-heading\">Kingmaker Casino FAQ - H\u00e4ufig gestellte Fragen<\/h2>\n\n\n\n<h3 class=\"wp-block-heading\">Wie sicher ist Kingmaker Casino?<\/h3>\n\n\n\n<p>Kingmaker Casino verpflichtet sich, die h\u00f6chsten Sicherheitsstandards einzuhalten, um den Spielern ein sicheres und legales Spielerlebnis zu bieten. Es arbeitet unter der anerkannten Cura\u00e7ao-Lizenz, verwendet fortschrittliche Verschl\u00fcsselungstechnologie, um alle finanziellen Transaktionen zu sch\u00fctzen und f\u00f6rdert verantwortungsvolle Spielpraktiken.<\/p>\n\n\n\n<h3 class=\"wp-block-heading\">Beliebte Spiele bei Kingmaker Casino<\/h3>\n\n\n\n<p>Ob Sie nun ein Fan von Spielautomaten, Tischspielen, Live-Dealer-Spielen oder speziellen Spielen sind, Kingmaker Casino hat f\u00fcr jeden etwas zu bieten. Hier sind einige der beliebtesten Spiele im Kingmaker Casino:<\/p>\n\n\n\n<ul class=\"wp-block-list\">\n<li><strong>Wolf Gold<\/strong><\/li>\n\n\n\n<li><strong>Primatenk\u00f6nig Megaways<\/strong><\/li>\n\n\n\n<li><strong>Fortuna Drei<\/strong><\/li>\n\n\n\n<li><strong>Temple Tumble 2<\/strong><\/li>\n\n\n\n<li><strong>Vikings Wild Cash<\/strong><\/li>\n<\/ul>\n\n\n<section class=\"kingmakercasinos-text-section\">\n\t<div class=\"kingmakercasinos-container\">\n\n\t\t<div class=\"kingmakercasinos-text-copy\">\n\t\t\t\t\t<\/div>\n\n\t\t<div class=\"kingmakercasinos-btn-block kingmakercasinos-btn-block--center\">\n\t\t\t\t\t\t\t<a rel=\"nofollow\" class=\"kingmakercasinos-btn kingmakercasinos-btn--primary\" href=\"\/kingmaker\/\" target=\"_self\">Pelaa<\/a>\n\t\t\t\t\t<\/div>\n\n\t<\/div>\n<\/section>\n\n\n<h3 class=\"wp-block-heading\">Beliebte Anbieter im Kingmaker Casino<\/h3>\n\n\n\n<p>Kingmaker Casino arbeitet mit erstklassigen Anbietern zusammen, um sicherzustellen, dass die Spieler Zugang zu einer gro\u00dfen Auswahl an qualitativ hochwertigen Optionen haben. Hier sind einige der beliebtesten Spielanbieter, die Sie bei Kingmaker Casino finden werden:<\/p>\n\n\n\n<ul class=\"wp-block-list\">\n<li><strong>NetEnt<\/strong><\/li>\n\n\n\n<li><strong>Microgaming<\/strong><\/li>\n\n\n\n<li><strong>Spielen'n GO<\/strong><\/li>\n\n\n\n<li><strong>Pragmatisches Spiel<\/strong><\/li>\n\n\n\n<li><strong>Quickspin<\/strong><\/li>\n<\/ul>\n\n\n\n<style>\n\t.kingmakercasinos-spacer-1375003231 {\n\t\theight: 57px;\n\t\tbackground: ;\n\t}\n\t@media only screen and (max-width : 991px) {\n\t\t.kingmakercasinos-spacer-1375003231 {\n\t\t\theight: 45px;\n\t\t}\n\t}\n\t@media only screen and (max-width : 575px) {\n\t\t.kingmakercasinos-spacer-1375003231 {\n\t\t\theight: 30px;\n\t\t}\n\t}\n<\/style>\n\n<div class=\"kingmakercasinos-spacer kingmakercasinos-spacer-1375003231\"><\/div>","protected":false},"excerpt":{"rendered":"<p>Bonos de Kingmaker Casino Kingmaker Casino ofrece una incre\u00edble variedad de opciones de bonos. Los jugadores pueden disfrutar de m\u00faltiples beneficios, desde bonos de bienvenida hasta promociones continuas que enriquecen su experiencia de juego. El paquete de bienvenida es especialmente atractivo, ya que brinda a los nuevos miembros bonos por dep\u00f3sito y giros gratis para [&hellip;]<\/p>\n","protected":false},"author":1,"featured_media":0,"parent":0,"menu_order":0,"comment_status":"closed","ping_status":"closed","template":"","meta":{"_acf_changed":false,"inline_featured_image":false,"footnotes":""},"class_list":["post-89","page","type-page","status-publish","hentry"],"acf":[],"_links":{"self":[{"href":"https:\/\/kingmakerscasino.es\/ch\/wp-json\/wp\/v2\/pages\/89","targetHints":{"allow":["GET"]}}],"collection":[{"href":"https:\/\/kingmakerscasino.es\/ch\/wp-json\/wp\/v2\/pages"}],"about":[{"href":"https:\/\/kingmakerscasino.es\/ch\/wp-json\/wp\/v2\/types\/page"}],"author":[{"embeddable":true,"href":"https:\/\/kingmakerscasino.es\/ch\/wp-json\/wp\/v2\/users\/1"}],"replies":[{"embeddable":true,"href":"https:\/\/kingmakerscasino.es\/ch\/wp-json\/wp\/v2\/comments?post=89"}],"version-history":[{"count":171,"href":"https:\/\/kingmakerscasino.es\/ch\/wp-json\/wp\/v2\/pages\/89\/revisions"}],"predecessor-version":[{"id":904,"href":"https:\/\/kingmakerscasino.es\/ch\/wp-json\/wp\/v2\/pages\/89\/revisions\/904"}],"wp:attachment":[{"href":"https:\/\/kingmakerscasino.es\/ch\/wp-json\/wp\/v2\/media?parent=89"}],"curies":[{"name":"wp","href":"https:\/\/api.w.org\/{rel}","templated":true}]}}