{"id":381,"date":"2024-04-15T10:38:17","date_gmt":"2024-04-15T10:38:17","guid":{"rendered":"https:\/\/kingmakercasinos.com\/?page_id=381"},"modified":"2025-02-06T08:13:49","modified_gmt":"2025-02-06T08:13:49","slug":"login","status":"publish","type":"page","link":"https:\/\/kingmakerscasino.es\/de\/login\/","title":{"rendered":"Bei Kingmaker anmelden"},"content":{"rendered":"<section class=\"kingmakercasinos-banner kingmakercasinos-banner--centered kingmakercasinos-color--secondary kingmakercasinos-banner--img-bg\" \nstyle=\"            background-image: url(https:\/\/kingmakerscasino.es\/wp-content\/uploads\/2024\/04\/bg-u-desktop.jpg);    \">\n\t<div class=\"kingmakercasinos-container\">\n\t\t<div class=\"kingmakercasinos-row\">\n\t\t\t<div class=\"kingmakercasinos-banner-wrap\">\n\n\t\t\t\t\t\t\t\t\t<h1>Bei Kingmaker anmelden<\/h1>\n\t\t\t\t\t\t\t\t\n\t\t\t\t\t\t\t\t\n\t\t\t\t\t\t\t\t\t<a rel=\"nofollow\" class=\"kingmakercasinos-btn kingmakercasinos-btn--primary\" href=\"\/kingmaker\/\" target=\"_self\">Hier anmelden<\/a>\n\t\t\t\t\n\t\t\t<\/div>\n\t\t<\/div> \n\t<\/div>\n<\/section>\n\n<section class=\"kingmakercasinos-text-section\">\n\t<div class=\"kingmakercasinos-container\">\n\n\t\t<div class=\"kingmakercasinos-text-copy\">\n\t\t\t<p>Wenn Sie bei Kingmaker Casino spielen m\u00f6chten, k\u00f6nnen Sie sich darauf verlassen, dass die Anmeldung bei Kingmaker schnell und einfach ist. Kingmaker's Website-Registrierungsschnittstelle wurde mit Blick auf die Benutzerfreundlichkeit entwickelt und enth\u00e4lt klare Anweisungen, um den Prozess einfach zu machen, egal ob Sie sich von einem Computer oder einem mobilen Ger\u00e4t anmelden, Kingmaker's Login-Seite ist einfach zu bedienen und voll ansprechend. Dar\u00fcber hinaus legt Kingmaker Casino gro\u00dfen Wert auf Sicherheit und stellt sicher, dass Ihre pers\u00f6nlichen Daten und finanziellen Transaktionen durch fortschrittliche Verschl\u00fcsselungstechnologien gesch\u00fctzt sind.<\/p>\n\t\t<\/div>\n\n\t\t<div class=\"kingmakercasinos-btn-block kingmakercasinos-btn-block--center\">\n\t\t\t\t\t<\/div>\n\n\t<\/div>\n<\/section>\n\n<section class=\"kingmakercasinos-single-image-section kingmakercasinos-single-image-section--center\">\n\t<div class=\"kingmakercasinos-container\">\n\t\t\t\n\t\t\t\t\t<div class=\"kingmakercasinos-single-image\">\n\t\t\t\t<img loading=\"lazy\" decoding=\"async\" width=\"473\" height=\"574\" src=\"https:\/\/kingmakerscasino.es\/wp-content\/uploads\/2024\/05\/King-login.jpg\" class=\"attachment-full size-full\" alt=\"Kingmaker Anmeldung\" srcset=\"https:\/\/kingmakerscasino.es\/wp-content\/uploads\/2024\/05\/King-login.jpg 473w, https:\/\/kingmakerscasino.es\/wp-content\/uploads\/2024\/05\/King-login-247x300.jpg 247w\" sizes=\"auto, (max-width: 473px) 100vw, 473px\" \/>\t\t\t<\/div>  \n\t\t\n\t<\/div>\n<\/section>\n\n<section class=\"kingmakercasinos-text-with-image-section\">\n\t<div class=\"kingmakercasinos-container\">\n\t\t<div class=\"kingmakercasinos-row\">\n\n\t\t\t<div class=\"kingmakercasinos-col kingmakercasinos-copy-col\">\n\n\t\t\t\t<div class=\"kingmakercasinos-text-copy\">\n\t\t\t\t\t<h2>Wie registriert man sich bei Kingmaker Casino?<\/h2>\n<p>Kingmaker Casino bietet einen einfachen und bequemen Anmeldeprozess. Hier finden Sie eine detaillierte Anleitung, wie Sie sich auf dieser Plattform registrieren:<\/p>\n<ol>\n<li>Besuchen Sie die Website: \u00d6ffnen Sie die Kingmaker Casino-Website in Ihrem Browser. Sie werden von einer hellen und benutzerfreundlichen Oberfl\u00e4che begr\u00fc\u00dft.<\/li>\n<li>Klicken Sie auf \"Registrieren\": Halten Sie Ausschau nach der Schaltfl\u00e4che \"Registrieren\", die sich in der oberen rechten Ecke der Homepage in der N\u00e4he des Kingmaker-Logins befindet. Klicken Sie darauf, um den Registrierungsprozess zu starten.<\/li>\n<li>W\u00e4hlen Sie einen Bonus: Neue Spieler k\u00f6nnen zwischen zwei Willkommensboni w\u00e4hlen, je nachdem, ob sie an Casinospielen oder Sportwetten interessiert sind. W\u00e4hlen Sie den Kingmaker-Bonus, der Ihnen am besten gef\u00e4llt, oder geben Sie einen Aktionscode ein, wenn Sie einen haben.<\/li>\n<li>Passwort und E-Mail: Als n\u00e4chstes m\u00fcssen die Spieler ihre E-Mail-Adresse eingeben und ein Passwort w\u00e4hlen. Achten Sie darauf, ein sicheres Passwort zu w\u00e4hlen, da Kingmaker Casino Sicherheitsanforderungen hat, um Datenverletzungen zu verhindern.<\/li>\n<li>Bedingungen und Konditionen: Akzeptieren Sie die Allgemeinen Gesch\u00e4ftsbedingungen und die Datenschutzrichtlinie. Lesen Sie sie und kreuzen Sie das K\u00e4stchen an, um mit der Registrierung fortzufahren. Ein weiteres K\u00e4stchen ist optional. Hier k\u00f6nnen Sie entscheiden, ob Sie Werbeangebote und Boni \u00fcber Ihren bevorzugten Kommunikationskanal erhalten m\u00f6chten.<\/li>\n<li>Geben Sie Ihre pers\u00f6nlichen Daten ein: Geben Sie Ihren vollst\u00e4ndigen Namen, Ihr Geburtsdatum, Ihr Geschlecht, Ihr Land, Ihre bevorzugte W\u00e4hrung, Ihre Telefonnummer, Ihre Stadt, Ihre Adresse und Ihre Postleitzahl an. Vergewissern Sie sich, dass alle Angaben korrekt sind und klicken Sie auf \"Konto erstellen\".<\/li>\n<li>Kontoverifizierung: Sobald Sie alle erforderlichen Schritte abgeschlossen und auf \"Konto erstellen\" geklickt haben, wird Ihr Konto erstellt und Sie erhalten eine Best\u00e4tigungs-E-Mail. Sie k\u00f6nnen sich nun mit Ihrer E-Mail und Ihrem Passwort bei Kingmaker Casino anmelden und mit dem Spielen beginnen.<\/li>\n<\/ol>\n\t\t\t\t<\/div>\n\n\t\t\t\t<div class=\"kingmakercasinos-btn-block kingmakercasinos-btn-block--center\">\n\t\t\t\t\t\t\t\t\t\t\t<a rel=\"nofollow\" class=\"kingmakercasinos-btn kingmakercasinos-btn--primary\" href=\"\/kingmaker\/\" target=\"_self\">Kirjaudu sis\u00e4\u00e4n t\u00e4\u00e4ll\u00e4<\/a>\n\t\t\t\t\t\t\t\t\t<\/div>\n\n\t\t\t<\/div>\n\n\t\t\t<div class=\"kingmakercasinos-col kingmakercasinos-image-col kingmakercasinos-image-col-center\">\n\t\t\t\t\t\t\t\t\t<img loading=\"lazy\" decoding=\"async\" width=\"374\" height=\"901\" src=\"https:\/\/kingmakerscasino.es\/wp-content\/uploads\/2024\/05\/king-reg.jpg\" class=\"attachment-full size-full\" alt=\"K\u00f6nigsmacher-Registrierung\" srcset=\"https:\/\/kingmakerscasino.es\/wp-content\/uploads\/2024\/05\/king-reg.jpg 374w, https:\/\/kingmakerscasino.es\/wp-content\/uploads\/2024\/05\/king-reg-125x300.jpg 125w\" sizes=\"auto, (max-width: 374px) 100vw, 374px\" \/>\t\t\t\t\t\t\t<\/div>\n\n\t\t<\/div>\n\t<\/div>\n<\/section>\n\n<section class=\"kingmakercasinos-text-section\">\n\t<div class=\"kingmakercasinos-container\">\n\n\t\t<div class=\"kingmakercasinos-text-copy\">\n\t\t\t<h2>Dokumente zur \u00dcberpr\u00fcfung des Kontos<\/h2>\n<p>Sobald die Spieler den Prozess der <strong>Kingmaker Anmeldung und Registrierung<\/strong>Um sicherzustellen, dass die <strong>Sicherheit und Konformit\u00e4t<\/strong> Bevor Sie um echtes Geld spielen k\u00f6nnen, m\u00fcssen Sie zun\u00e4chst eine <strong>Personalausweis<\/strong>als <strong>Reisepass, nationaler Personalausweis oder F\u00fchrerschein<\/strong>. Dieses Dokument dient dazu, Ihre Identit\u00e4t und Ihr Alter gem\u00e4\u00df den gesetzlichen Bestimmungen zu \u00fcberpr\u00fcfen. <strong>Adressennachweis<\/strong>als <strong>eine aktuelle Rechnung eines Versorgungsunternehmens, einen Kontoauszug oder ein amtliches Dokument<\/strong> die Ihren Namen und Ihre Adresse enth\u00e4lt. Diese Dokumente best\u00e4tigen Ihren Wohnsitz und gew\u00e4hrleisten die Einhaltung der Vorschriften zur Bek\u00e4mpfung der Geldw\u00e4sche.<\/p>\n\t\t<\/div>\n\n\t\t<div class=\"kingmakercasinos-btn-block kingmakercasinos-btn-block--left\">\n\t\t\t\t\t<\/div>\n\n\t<\/div>\n<\/section>\n\n\n<style>\n\t.kingmakercasinos-spacer-1889887739 {\n\t\theight: 60px;\n\t\tbackground: ;\n\t}\n\t@media only screen and (max-width : 991px) {\n\t\t.kingmakercasinos-spacer-1889887739 {\n\t\t\theight: 45px;\n\t\t}\n\t}\n\t@media only screen and (max-width : 575px) {\n\t\t.kingmakercasinos-spacer-1889887739 {\n\t\t\theight: 30px;\n\t\t}\n\t}\n<\/style>\n\n<div class=\"kingmakercasinos-spacer kingmakercasinos-spacer-1889887739\"><\/div>","protected":false},"excerpt":{"rendered":"","protected":false},"author":1,"featured_media":0,"parent":0,"menu_order":0,"comment_status":"closed","ping_status":"closed","template":"","meta":{"_acf_changed":false,"inline_featured_image":false,"footnotes":""},"class_list":["post-381","page","type-page","status-publish","hentry"],"acf":[],"_links":{"self":[{"href":"https:\/\/kingmakerscasino.es\/de\/wp-json\/wp\/v2\/pages\/381","targetHints":{"allow":["GET"]}}],"collection":[{"href":"https:\/\/kingmakerscasino.es\/de\/wp-json\/wp\/v2\/pages"}],"about":[{"href":"https:\/\/kingmakerscasino.es\/de\/wp-json\/wp\/v2\/types\/page"}],"author":[{"embeddable":true,"href":"https:\/\/kingmakerscasino.es\/de\/wp-json\/wp\/v2\/users\/1"}],"replies":[{"embeddable":true,"href":"https:\/\/kingmakerscasino.es\/de\/wp-json\/wp\/v2\/comments?post=381"}],"version-history":[{"count":15,"href":"https:\/\/kingmakerscasino.es\/de\/wp-json\/wp\/v2\/pages\/381\/revisions"}],"predecessor-version":[{"id":910,"href":"https:\/\/kingmakerscasino.es\/de\/wp-json\/wp\/v2\/pages\/381\/revisions\/910"}],"wp:attachment":[{"href":"https:\/\/kingmakerscasino.es\/de\/wp-json\/wp\/v2\/media?parent=381"}],"curies":[{"name":"wp","href":"https:\/\/api.w.org\/{rel}","templated":true}]}}