{"id":381,"date":"2024-04-15T10:38:17","date_gmt":"2024-04-15T10:38:17","guid":{"rendered":"https:\/\/kingmakercasinos.com\/?page_id=381"},"modified":"2025-02-06T08:13:49","modified_gmt":"2025-02-06T08:13:49","slug":"login","status":"publish","type":"page","link":"https:\/\/kingmakerscasino.es\/el\/login\/","title":{"rendered":"\u03a3\u03c5\u03bd\u03b4\u03b5\u03b8\u03b5\u03af\u03c4\u03b5 \u03c3\u03c4\u03bf Kingmaker"},"content":{"rendered":"<section class=\"kingmakercasinos-banner kingmakercasinos-banner--centered kingmakercasinos-color--secondary kingmakercasinos-banner--img-bg\" \nstyle=\"            background-image: url(https:\/\/kingmakerscasino.es\/wp-content\/uploads\/2024\/04\/bg-u-desktop.jpg);    \">\n\t<div class=\"kingmakercasinos-container\">\n\t\t<div class=\"kingmakercasinos-row\">\n\t\t\t<div class=\"kingmakercasinos-banner-wrap\">\n\n\t\t\t\t\t\t\t\t\t<h1>\u03a3\u03c5\u03bd\u03b4\u03b5\u03b8\u03b5\u03af\u03c4\u03b5 \u03c3\u03c4\u03bf Kingmaker<\/h1>\n\t\t\t\t\t\t\t\t\n\t\t\t\t\t\t\t\t\n\t\t\t\t\t\t\t\t\t<a rel=\"nofollow\" class=\"kingmakercasinos-btn kingmakercasinos-btn--primary\" href=\"\/kingmaker\/\" target=\"_self\">\u03a3\u03c5\u03bd\u03b4\u03b5\u03b8\u03b5\u03af\u03c4\u03b5 \u03b5\u03b4\u03ce<\/a>\n\t\t\t\t\n\t\t\t<\/div>\n\t\t<\/div> \n\t<\/div>\n<\/section>\n\n<section class=\"kingmakercasinos-text-section\">\n\t<div class=\"kingmakercasinos-container\">\n\n\t\t<div class=\"kingmakercasinos-text-copy\">\n\t\t\t<p>\u0395\u03ac\u03bd \u03b8\u03ad\u03bb\u03b5\u03c4\u03b5 \u03bd\u03b1 \u03c0\u03b1\u03af\u03be\u03b5\u03c4\u03b5 \u03c3\u03c4\u03bf Kingmaker Casino, \u03bc\u03c0\u03bf\u03c1\u03b5\u03af\u03c4\u03b5 \u03bd\u03b1 \u03b5\u03af\u03c3\u03c4\u03b5 \u03c3\u03af\u03b3\u03bf\u03c5\u03c1\u03bf\u03b9 \u03cc\u03c4\u03b9 \u03b7 \u03c3\u03cd\u03bd\u03b4\u03b5\u03c3\u03b7 \u03c3\u03c4\u03bf Kingmaker \u03b5\u03af\u03bd\u03b1\u03b9 \u03bc\u03b9\u03b1 \u03b3\u03c1\u03ae\u03b3\u03bf\u03c1\u03b7 \u03ba\u03b1\u03b9 \u03b5\u03cd\u03ba\u03bf\u03bb\u03b7 \u03b4\u03b9\u03b1\u03b4\u03b9\u03ba\u03b1\u03c3\u03af\u03b1. \u0397 \u03b4\u03b9\u03b5\u03c0\u03b1\u03c6\u03ae \u03b5\u03b3\u03b3\u03c1\u03b1\u03c6\u03ae\u03c2 \u03c3\u03c4\u03bf\u03bd \u03b9\u03c3\u03c4\u03cc\u03c4\u03bf\u03c0\u03bf \u03c4\u03b7\u03c2 Kingmaker \u03ad\u03c7\u03b5\u03b9 \u03c3\u03c7\u03b5\u03b4\u03b9\u03b1\u03c3\u03c4\u03b5\u03af \u03bc\u03b5 \u03b3\u03bd\u03ce\u03bc\u03bf\u03bd\u03b1 \u03c4\u03b7\u03bd \u03b5\u03c5\u03ba\u03bf\u03bb\u03af\u03b1 \u03c4\u03bf\u03c5 \u03c7\u03c1\u03ae\u03c3\u03c4\u03b7 \u03ba\u03b1\u03b9 \u03c0\u03b5\u03c1\u03b9\u03bb\u03b1\u03bc\u03b2\u03ac\u03bd\u03b5\u03b9 \u03c3\u03b1\u03c6\u03b5\u03af\u03c2 \u03bf\u03b4\u03b7\u03b3\u03af\u03b5\u03c2 \u03b3\u03b9\u03b1 \u03bd\u03b1 \u03ba\u03ac\u03bd\u03b5\u03b9 \u03c4\u03b7 \u03b4\u03b9\u03b1\u03b4\u03b9\u03ba\u03b1\u03c3\u03af\u03b1 \u03b5\u03cd\u03ba\u03bf\u03bb\u03b7, \u03b5\u03af\u03c4\u03b5 \u03c3\u03c5\u03bd\u03b4\u03ad\u03b5\u03c3\u03c4\u03b5 \u03b1\u03c0\u03cc \u03c5\u03c0\u03bf\u03bb\u03bf\u03b3\u03b9\u03c3\u03c4\u03ae \u03b5\u03af\u03c4\u03b5 \u03b1\u03c0\u03cc \u03ba\u03b9\u03bd\u03b7\u03c4\u03ae \u03c3\u03c5\u03c3\u03ba\u03b5\u03c5\u03ae, \u03b7 \u03c3\u03b5\u03bb\u03af\u03b4\u03b1 \u03c3\u03cd\u03bd\u03b4\u03b5\u03c3\u03b7\u03c2 \u03c4\u03b7\u03c2 Kingmaker \u03b5\u03af\u03bd\u03b1\u03b9 \u03b5\u03cd\u03c7\u03c1\u03b7\u03c3\u03c4\u03b7 \u03ba\u03b1\u03b9 \u03b1\u03bd\u03c4\u03b1\u03c0\u03bf\u03ba\u03c1\u03af\u03bd\u03b5\u03c4\u03b1\u03b9 \u03c0\u03bb\u03ae\u03c1\u03c9\u03c2. \u0395\u03c0\u03b9\u03c0\u03bb\u03ad\u03bf\u03bd, \u03c4\u03bf Kingmaker Casino \u03b4\u03af\u03bd\u03b5\u03b9 \u03bc\u03b5\u03b3\u03ac\u03bb\u03b7 \u03ad\u03bc\u03c6\u03b1\u03c3\u03b7 \u03c3\u03c4\u03b7\u03bd \u03b1\u03c3\u03c6\u03ac\u03bb\u03b5\u03b9\u03b1, \u03b4\u03b9\u03b1\u03c3\u03c6\u03b1\u03bb\u03af\u03b6\u03bf\u03bd\u03c4\u03b1\u03c2 \u03cc\u03c4\u03b9 \u03bf\u03b9 \u03c0\u03c1\u03bf\u03c3\u03c9\u03c0\u03b9\u03ba\u03ad\u03c2 \u03c3\u03b1\u03c2 \u03c0\u03bb\u03b7\u03c1\u03bf\u03c6\u03bf\u03c1\u03af\u03b5\u03c2 \u03ba\u03b1\u03b9 \u03bf\u03b9 \u03bf\u03b9\u03ba\u03bf\u03bd\u03bf\u03bc\u03b9\u03ba\u03ad\u03c2 \u03c3\u03b1\u03c2 \u03c3\u03c5\u03bd\u03b1\u03bb\u03bb\u03b1\u03b3\u03ad\u03c2 \u03c0\u03c1\u03bf\u03c3\u03c4\u03b1\u03c4\u03b5\u03cd\u03bf\u03bd\u03c4\u03b1\u03b9 \u03bc\u03ad\u03c3\u03c9 \u03c0\u03c1\u03bf\u03b7\u03b3\u03bc\u03ad\u03bd\u03c9\u03bd \u03c4\u03b5\u03c7\u03bd\u03bf\u03bb\u03bf\u03b3\u03b9\u03ce\u03bd \u03ba\u03c1\u03c5\u03c0\u03c4\u03bf\u03b3\u03c1\u03ac\u03c6\u03b7\u03c3\u03b7\u03c2.<\/p>\n\t\t<\/div>\n\n\t\t<div class=\"kingmakercasinos-btn-block kingmakercasinos-btn-block--center\">\n\t\t\t\t\t<\/div>\n\n\t<\/div>\n<\/section>\n\n<section class=\"kingmakercasinos-single-image-section kingmakercasinos-single-image-section--center\">\n\t<div class=\"kingmakercasinos-container\">\n\t\t\t\n\t\t\t\t\t<div class=\"kingmakercasinos-single-image\">\n\t\t\t\t<img loading=\"lazy\" decoding=\"async\" width=\"473\" height=\"574\" src=\"https:\/\/kingmakerscasino.es\/wp-content\/uploads\/2024\/05\/King-login.jpg\" class=\"attachment-full size-full\" alt=\"\u03a3\u03cd\u03bd\u03b4\u03b5\u03c3\u03b7 Kingmaker\" srcset=\"https:\/\/kingmakerscasino.es\/wp-content\/uploads\/2024\/05\/King-login.jpg 473w, https:\/\/kingmakerscasino.es\/wp-content\/uploads\/2024\/05\/King-login-247x300.jpg 247w\" sizes=\"auto, (max-width: 473px) 100vw, 473px\" \/>\t\t\t<\/div>  \n\t\t\n\t<\/div>\n<\/section>\n\n<section class=\"kingmakercasinos-text-with-image-section\">\n\t<div class=\"kingmakercasinos-container\">\n\t\t<div class=\"kingmakercasinos-row\">\n\n\t\t\t<div class=\"kingmakercasinos-col kingmakercasinos-copy-col\">\n\n\t\t\t\t<div class=\"kingmakercasinos-text-copy\">\n\t\t\t\t\t<h2>\u03a0\u03ce\u03c2 \u03bd\u03b1 \u03b5\u03b3\u03b3\u03c1\u03b1\u03c6\u03b5\u03af\u03c4\u03b5 \u03c3\u03c4\u03bf Kingmaker Casino;<\/h2>\n<p>\u03a4\u03bf Kingmaker Casino \u03c0\u03c1\u03bf\u03c3\u03c6\u03ad\u03c1\u03b5\u03b9 \u03bc\u03b9\u03b1 \u03b1\u03c0\u03bb\u03ae \u03ba\u03b1\u03b9 \u03b2\u03bf\u03bb\u03b9\u03ba\u03ae \u03b4\u03b9\u03b1\u03b4\u03b9\u03ba\u03b1\u03c3\u03af\u03b1 \u03c3\u03cd\u03bd\u03b4\u03b5\u03c3\u03b7\u03c2. \u0391\u03ba\u03bf\u03bb\u03bf\u03c5\u03b8\u03b5\u03af \u03ad\u03bd\u03b1\u03c2 \u03bb\u03b5\u03c0\u03c4\u03bf\u03bc\u03b5\u03c1\u03ae\u03c2 \u03bf\u03b4\u03b7\u03b3\u03cc\u03c2 \u03b3\u03b9\u03b1 \u03c4\u03bf \u03c0\u03ce\u03c2 \u03bd\u03b1 \u03b5\u03b3\u03b3\u03c1\u03b1\u03c6\u03b5\u03af\u03c4\u03b5 \u03c3\u03b5 \u03b1\u03c5\u03c4\u03ae \u03c4\u03b7\u03bd \u03c0\u03bb\u03b1\u03c4\u03c6\u03cc\u03c1\u03bc\u03b1:<\/p>\n<ol>\n<li>\u0395\u03c0\u03b9\u03c3\u03ba\u03b5\u03c6\u03b8\u03b5\u03af\u03c4\u03b5 \u03c4\u03b7\u03bd \u03b9\u03c3\u03c4\u03bf\u03c3\u03b5\u03bb\u03af\u03b4\u03b1: \u0391\u03bd\u03bf\u03af\u03be\u03c4\u03b5 \u03c4\u03bf\u03bd \u03b9\u03c3\u03c4\u03cc\u03c4\u03bf\u03c0\u03bf \u03c4\u03bf\u03c5 Kingmaker Casino \u03c3\u03c4\u03bf \u03c0\u03c1\u03cc\u03b3\u03c1\u03b1\u03bc\u03bc\u03b1 \u03c0\u03b5\u03c1\u03b9\u03ae\u03b3\u03b7\u03c3\u03ae\u03c2 \u03c3\u03b1\u03c2. \u0398\u03b1 \u03c3\u03b1\u03c2 \u03c5\u03c0\u03bf\u03b4\u03b5\u03c7\u03c4\u03b5\u03af \u03bc\u03b9\u03b1 \u03c6\u03c9\u03c4\u03b5\u03b9\u03bd\u03ae \u03ba\u03b1\u03b9 \u03c6\u03b9\u03bb\u03b9\u03ba\u03ae \u03c0\u03c1\u03bf\u03c2 \u03c4\u03bf \u03c7\u03c1\u03ae\u03c3\u03c4\u03b7 \u03b4\u03b9\u03b5\u03c0\u03b1\u03c6\u03ae.<\/li>\n<li>\u039a\u03ac\u03bd\u03c4\u03b5 \u03ba\u03bb\u03b9\u03ba \u03c3\u03c4\u03bf \u03ba\u03bf\u03c5\u03bc\u03c0\u03af \"\u0395\u03b3\u03b3\u03c1\u03b1\u03c6\u03ae\": \u0391\u03bd\u03b1\u03b6\u03b7\u03c4\u03ae\u03c3\u03c4\u03b5 \u03c4\u03bf \u03ba\u03bf\u03c5\u03bc\u03c0\u03af \"\u0395\u03b3\u03b3\u03c1\u03b1\u03c6\u03ae\", \u03c0\u03bf\u03c5 \u03b2\u03c1\u03af\u03c3\u03ba\u03b5\u03c4\u03b1\u03b9 \u03c3\u03c4\u03b7\u03bd \u03b5\u03c0\u03ac\u03bd\u03c9 \u03b4\u03b5\u03be\u03b9\u03ac \u03b3\u03c9\u03bd\u03af\u03b1 \u03c4\u03b7\u03c2 \u03b1\u03c1\u03c7\u03b9\u03ba\u03ae\u03c2 \u03c3\u03b5\u03bb\u03af\u03b4\u03b1\u03c2, \u03ba\u03bf\u03bd\u03c4\u03ac \u03c3\u03c4\u03b7 \u03c3\u03cd\u03bd\u03b4\u03b5\u03c3\u03b7 Kingmaker. \u039a\u03ac\u03bd\u03c4\u03b5 \u03ba\u03bb\u03b9\u03ba \u03c3\u03b5 \u03b1\u03c5\u03c4\u03cc \u03b3\u03b9\u03b1 \u03bd\u03b1 \u03be\u03b5\u03ba\u03b9\u03bd\u03ae\u03c3\u03b5\u03b9 \u03b7 \u03b4\u03b9\u03b1\u03b4\u03b9\u03ba\u03b1\u03c3\u03af\u03b1 \u03b5\u03b3\u03b3\u03c1\u03b1\u03c6\u03ae\u03c2.<\/li>\n<li>\u0395\u03c0\u03b9\u03bb\u03ad\u03be\u03c4\u03b5 \u03ad\u03bd\u03b1 \u03bc\u03c0\u03cc\u03bd\u03bf\u03c5\u03c2: \u039f\u03b9 \u03bd\u03ad\u03bf\u03b9 \u03c0\u03b1\u03af\u03ba\u03c4\u03b5\u03c2 \u03bc\u03c0\u03bf\u03c1\u03bf\u03cd\u03bd \u03bd\u03b1 \u03b5\u03c0\u03b9\u03bb\u03ad\u03be\u03bf\u03c5\u03bd \u03bc\u03b5\u03c4\u03b1\u03be\u03cd \u03b4\u03cd\u03bf \u03bc\u03c0\u03cc\u03bd\u03bf\u03c5\u03c2 \u03ba\u03b1\u03bb\u03c9\u03c3\u03bf\u03c1\u03af\u03c3\u03bc\u03b1\u03c4\u03bf\u03c2, \u03b1\u03bd\u03ac\u03bb\u03bf\u03b3\u03b1 \u03bc\u03b5 \u03c4\u03bf \u03b1\u03bd \u03b5\u03bd\u03b4\u03b9\u03b1\u03c6\u03ad\u03c1\u03bf\u03bd\u03c4\u03b1\u03b9 \u03b3\u03b9\u03b1 \u03c0\u03b1\u03b9\u03c7\u03bd\u03af\u03b4\u03b9\u03b1 \u03ba\u03b1\u03b6\u03af\u03bd\u03bf \u03ae \u03b1\u03b8\u03bb\u03b7\u03c4\u03b9\u03ba\u03ac \u03c3\u03c4\u03bf\u03b9\u03c7\u03ae\u03bc\u03b1\u03c4\u03b1. \u0395\u03c0\u03b9\u03bb\u03ad\u03be\u03c4\u03b5 \u03c4\u03bf \u03bc\u03c0\u03cc\u03bd\u03bf\u03c5\u03c2 \u03c4\u03b7\u03c2 Kingmaker \u03c0\u03bf\u03c5 \u03c3\u03b1\u03c2 \u03b1\u03c1\u03ad\u03c3\u03b5\u03b9 \u03c0\u03b5\u03c1\u03b9\u03c3\u03c3\u03cc\u03c4\u03b5\u03c1\u03bf \u03ae \u03b5\u03b9\u03c3\u03ac\u03b3\u03b5\u03c4\u03b5 \u03ad\u03bd\u03b1\u03bd \u03ba\u03c9\u03b4\u03b9\u03ba\u03cc \u03c0\u03c1\u03bf\u03ce\u03b8\u03b7\u03c3\u03b7\u03c2 \u03b1\u03bd \u03ad\u03c7\u03b5\u03c4\u03b5.<\/li>\n<li>\u039a\u03c9\u03b4\u03b9\u03ba\u03cc\u03c2 \u03c0\u03c1\u03cc\u03c3\u03b2\u03b1\u03c3\u03b7\u03c2 \u03ba\u03b1\u03b9 email: \u03a3\u03c4\u03b7 \u03c3\u03c5\u03bd\u03ad\u03c7\u03b5\u03b9\u03b1, \u03bf\u03b9 \u03c0\u03b1\u03af\u03ba\u03c4\u03b5\u03c2 \u03c0\u03c1\u03ad\u03c0\u03b5\u03b9 \u03bd\u03b1 \u03b5\u03b9\u03c3\u03ac\u03b3\u03bf\u03c5\u03bd \u03c4\u03b7 \u03b4\u03b9\u03b5\u03cd\u03b8\u03c5\u03bd\u03c3\u03b7 email \u03c4\u03bf\u03c5\u03c2 \u03ba\u03b1\u03b9 \u03bd\u03b1 \u03b5\u03c0\u03b9\u03bb\u03ad\u03be\u03bf\u03c5\u03bd \u03ad\u03bd\u03b1\u03bd \u03ba\u03c9\u03b4\u03b9\u03ba\u03cc \u03c0\u03c1\u03cc\u03c3\u03b2\u03b1\u03c3\u03b7\u03c2. \u0392\u03b5\u03b2\u03b1\u03b9\u03c9\u03b8\u03b5\u03af\u03c4\u03b5 \u03cc\u03c4\u03b9 \u03ad\u03c7\u03b5\u03c4\u03b5 \u03b5\u03c0\u03b9\u03bb\u03ad\u03be\u03b5\u03b9 \u03ad\u03bd\u03b1\u03bd \u03b9\u03c3\u03c7\u03c5\u03c1\u03cc \u03ba\u03c9\u03b4\u03b9\u03ba\u03cc \u03c0\u03c1\u03cc\u03c3\u03b2\u03b1\u03c3\u03b7\u03c2, \u03ba\u03b1\u03b8\u03ce\u03c2 \u03c4\u03bf Kingmaker Casino \u03ad\u03c7\u03b5\u03b9 \u03b1\u03c0\u03b1\u03b9\u03c4\u03ae\u03c3\u03b5\u03b9\u03c2 \u03b1\u03c3\u03c6\u03b1\u03bb\u03b5\u03af\u03b1\u03c2 \u03b3\u03b9\u03b1 \u03c4\u03b7\u03bd \u03b1\u03c0\u03bf\u03c6\u03c5\u03b3\u03ae \u03c0\u03b1\u03c1\u03b1\u03b2\u03b9\u03ac\u03c3\u03b5\u03c9\u03bd \u03b4\u03b5\u03b4\u03bf\u03bc\u03ad\u03bd\u03c9\u03bd.<\/li>\n<li>\u038c\u03c1\u03bf\u03b9 \u03ba\u03b1\u03b9 \u03a0\u03c1\u03bf\u03cb\u03c0\u03bf\u03b8\u03ad\u03c3\u03b5\u03b9\u03c2: \u0391\u03c0\u03bf\u03b4\u03b5\u03c7\u03c4\u03b5\u03af\u03c4\u03b5 \u03c4\u03bf\u03c5\u03c2 \u03cc\u03c1\u03bf\u03c5\u03c2 \u03ba\u03b1\u03b9 \u03c4\u03b9\u03c2 \u03c0\u03c1\u03bf\u03cb\u03c0\u03bf\u03b8\u03ad\u03c3\u03b5\u03b9\u03c2 \u03ba\u03b1\u03b9 \u03c4\u03b7\u03bd \u03c0\u03bf\u03bb\u03b9\u03c4\u03b9\u03ba\u03ae \u03b1\u03c0\u03bf\u03c1\u03c1\u03ae\u03c4\u03bf\u03c5. \u0394\u03b9\u03b1\u03b2\u03ac\u03c3\u03c4\u03b5 \u03c4\u03bf\u03c5\u03c2 \u03ba\u03b1\u03b9 \u03c4\u03c3\u03b5\u03ba\u03ac\u03c1\u03b5\u03c4\u03b5 \u03c4\u03bf \u03c0\u03bb\u03b1\u03af\u03c3\u03b9\u03bf \u03b3\u03b9\u03b1 \u03bd\u03b1 \u03c3\u03c5\u03bd\u03b5\u03c7\u03af\u03c3\u03b5\u03c4\u03b5 \u03c4\u03b7\u03bd \u03b5\u03b3\u03b3\u03c1\u03b1\u03c6\u03ae. \u0388\u03bd\u03b1 \u03ac\u03bb\u03bb\u03bf \u03c0\u03bb\u03b1\u03af\u03c3\u03b9\u03bf \u03b5\u03af\u03bd\u03b1\u03b9 \u03c0\u03c1\u03bf\u03b1\u03b9\u03c1\u03b5\u03c4\u03b9\u03ba\u03cc, \u03cc\u03c0\u03bf\u03c5 \u03bc\u03c0\u03bf\u03c1\u03b5\u03af\u03c4\u03b5 \u03bd\u03b1 \u03b1\u03c0\u03bf\u03c6\u03b1\u03c3\u03af\u03c3\u03b5\u03c4\u03b5 \u03b1\u03bd \u03b5\u03c0\u03b9\u03b8\u03c5\u03bc\u03b5\u03af\u03c4\u03b5 \u03bd\u03b1 \u03bb\u03b1\u03bc\u03b2\u03ac\u03bd\u03b5\u03c4\u03b5 \u03c0\u03c1\u03bf\u03c3\u03c6\u03bf\u03c1\u03ad\u03c2 \u03ba\u03b1\u03b9 \u03bc\u03c0\u03cc\u03bd\u03bf\u03c5\u03c2 \u03bc\u03ad\u03c3\u03c9 \u03c4\u03bf\u03c5 \u03c0\u03c1\u03bf\u03c4\u03b9\u03bc\u03ce\u03bc\u03b5\u03bd\u03bf\u03c5 \u03ba\u03b1\u03bd\u03b1\u03bb\u03b9\u03bf\u03cd \u03b5\u03c0\u03b9\u03ba\u03bf\u03b9\u03bd\u03c9\u03bd\u03af\u03b1\u03c2 \u03c3\u03b1\u03c2.<\/li>\n<li>\u03a3\u03c5\u03bc\u03c0\u03bb\u03b7\u03c1\u03ce\u03c3\u03c4\u03b5 \u03c4\u03b9\u03c2 \u03c0\u03c1\u03bf\u03c3\u03c9\u03c0\u03b9\u03ba\u03ad\u03c2 \u03c3\u03b1\u03c2 \u03c0\u03bb\u03b7\u03c1\u03bf\u03c6\u03bf\u03c1\u03af\u03b5\u03c2: \u0395\u03b9\u03c3\u03ac\u03b3\u03b5\u03c4\u03b5 \u03c3\u03c4\u03bf\u03b9\u03c7\u03b5\u03af\u03b1 \u03cc\u03c0\u03c9\u03c2 \u03c4\u03bf \u03bf\u03bd\u03bf\u03bc\u03b1\u03c4\u03b5\u03c0\u03ce\u03bd\u03c5\u03bc\u03cc \u03c3\u03b1\u03c2, \u03c4\u03b7\u03bd \u03b7\u03bc\u03b5\u03c1\u03bf\u03bc\u03b7\u03bd\u03af\u03b1 \u03b3\u03ad\u03bd\u03bd\u03b7\u03c3\u03b7\u03c2, \u03c4\u03bf \u03c6\u03cd\u03bb\u03bf, \u03c4\u03b7 \u03c7\u03ce\u03c1\u03b1, \u03c4\u03bf \u03c0\u03c1\u03bf\u03c4\u03b9\u03bc\u03ce\u03bc\u03b5\u03bd\u03bf \u03bd\u03cc\u03bc\u03b9\u03c3\u03bc\u03b1, \u03c4\u03bf\u03bd \u03b1\u03c1\u03b9\u03b8\u03bc\u03cc \u03c4\u03b7\u03bb\u03b5\u03c6\u03ce\u03bd\u03bf\u03c5, \u03c4\u03b7\u03bd \u03c0\u03cc\u03bb\u03b7, \u03c4\u03b7 \u03b4\u03b9\u03b5\u03cd\u03b8\u03c5\u03bd\u03c3\u03b7 \u03ba\u03b1\u03b9 \u03c4\u03bf\u03bd \u03c4\u03b1\u03c7\u03c5\u03b4\u03c1\u03bf\u03bc\u03b9\u03ba\u03cc \u03ba\u03ce\u03b4\u03b9\u03ba\u03b1. \u0392\u03b5\u03b2\u03b1\u03b9\u03c9\u03b8\u03b5\u03af\u03c4\u03b5 \u03cc\u03c4\u03b9 \u03cc\u03bb\u03b5\u03c2 \u03bf\u03b9 \u03c0\u03bb\u03b7\u03c1\u03bf\u03c6\u03bf\u03c1\u03af\u03b5\u03c2 \u03b5\u03af\u03bd\u03b1\u03b9 \u03c3\u03c9\u03c3\u03c4\u03ad\u03c2 \u03ba\u03b1\u03b9 \u03ba\u03ac\u03bd\u03c4\u03b5 \u03ba\u03bb\u03b9\u03ba \u03c3\u03c4\u03bf \u03ba\u03bf\u03c5\u03bc\u03c0\u03af \"\u0394\u03b7\u03bc\u03b9\u03bf\u03c5\u03c1\u03b3\u03af\u03b1 \u03bb\u03bf\u03b3\u03b1\u03c1\u03b9\u03b1\u03c3\u03bc\u03bf\u03cd\".<\/li>\n<li>\u0395\u03c0\u03b1\u03bb\u03ae\u03b8\u03b5\u03c5\u03c3\u03b7 \u03bb\u03bf\u03b3\u03b1\u03c1\u03b9\u03b1\u03c3\u03bc\u03bf\u03cd: \u039c\u03cc\u03bb\u03b9\u03c2 \u03bf\u03bb\u03bf\u03ba\u03bb\u03b7\u03c1\u03ce\u03c3\u03b5\u03c4\u03b5 \u03cc\u03bb\u03b1 \u03c4\u03b1 \u03b1\u03c0\u03b1\u03c1\u03b1\u03af\u03c4\u03b7\u03c4\u03b1 \u03b2\u03ae\u03bc\u03b1\u03c4\u03b1 \u03ba\u03b1\u03b9 \u03ba\u03ac\u03bd\u03b5\u03c4\u03b5 \u03ba\u03bb\u03b9\u03ba \u03c3\u03c4\u03bf \"\u0394\u03b7\u03bc\u03b9\u03bf\u03c5\u03c1\u03b3\u03af\u03b1 \u03bb\u03bf\u03b3\u03b1\u03c1\u03b9\u03b1\u03c3\u03bc\u03bf\u03cd\", \u03bf \u03bb\u03bf\u03b3\u03b1\u03c1\u03b9\u03b1\u03c3\u03bc\u03cc\u03c2 \u03c3\u03b1\u03c2 \u03b8\u03b1 \u03b4\u03b7\u03bc\u03b9\u03bf\u03c5\u03c1\u03b3\u03b7\u03b8\u03b5\u03af \u03ba\u03b1\u03b9 \u03b8\u03b1 \u03bb\u03ac\u03b2\u03b5\u03c4\u03b5 \u03ad\u03bd\u03b1 email \u03b5\u03c0\u03b1\u03bb\u03ae\u03b8\u03b5\u03c5\u03c3\u03b7\u03c2. \u03a4\u03ce\u03c1\u03b1 \u03bc\u03c0\u03bf\u03c1\u03b5\u03af\u03c4\u03b5 \u03bd\u03b1 \u03c3\u03c5\u03bd\u03b4\u03b5\u03b8\u03b5\u03af\u03c4\u03b5 \u03c3\u03c4\u03bf Kingmaker Casino \u03bc\u03b5 \u03c4\u03bf email \u03ba\u03b1\u03b9 \u03c4\u03bf\u03bd \u03ba\u03c9\u03b4\u03b9\u03ba\u03cc \u03c0\u03c1\u03cc\u03c3\u03b2\u03b1\u03c3\u03ae\u03c2 \u03c3\u03b1\u03c2 \u03ba\u03b1\u03b9 \u03bd\u03b1 \u03b1\u03c1\u03c7\u03af\u03c3\u03b5\u03c4\u03b5 \u03bd\u03b1 \u03c0\u03b1\u03af\u03b6\u03b5\u03c4\u03b5.<\/li>\n<\/ol>\n\t\t\t\t<\/div>\n\n\t\t\t\t<div class=\"kingmakercasinos-btn-block kingmakercasinos-btn-block--center\">\n\t\t\t\t\t\t\t\t\t\t\t<a rel=\"nofollow\" class=\"kingmakercasinos-btn kingmakercasinos-btn--primary\" href=\"\/kingmaker\/\" target=\"_self\">Kirjaudu sis\u00e4\u00e4n t\u00e4\u00e4ll\u00e4<\/a>\n\t\t\t\t\t\t\t\t\t<\/div>\n\n\t\t\t<\/div>\n\n\t\t\t<div class=\"kingmakercasinos-col kingmakercasinos-image-col kingmakercasinos-image-col-center\">\n\t\t\t\t\t\t\t\t\t<img loading=\"lazy\" decoding=\"async\" width=\"374\" height=\"901\" src=\"https:\/\/kingmakerscasino.es\/wp-content\/uploads\/2024\/05\/king-reg.jpg\" class=\"attachment-full size-full\" alt=\"\u0395\u03b3\u03b3\u03c1\u03b1\u03c6\u03ae Kingmaker\" srcset=\"https:\/\/kingmakerscasino.es\/wp-content\/uploads\/2024\/05\/king-reg.jpg 374w, https:\/\/kingmakerscasino.es\/wp-content\/uploads\/2024\/05\/king-reg-125x300.jpg 125w\" sizes=\"auto, (max-width: 374px) 100vw, 374px\" \/>\t\t\t\t\t\t\t<\/div>\n\n\t\t<\/div>\n\t<\/div>\n<\/section>\n\n<section class=\"kingmakercasinos-text-section\">\n\t<div class=\"kingmakercasinos-container\">\n\n\t\t<div class=\"kingmakercasinos-text-copy\">\n\t\t\t<h2>\u0388\u03b3\u03b3\u03c1\u03b1\u03c6\u03b1 \u03b3\u03b9\u03b1 \u03c4\u03b7\u03bd \u03b5\u03c0\u03b1\u03bb\u03ae\u03b8\u03b5\u03c5\u03c3\u03b7 \u03bb\u03bf\u03b3\u03b1\u03c1\u03b9\u03b1\u03c3\u03bc\u03bf\u03cd<\/h2>\n<p>\u039c\u03cc\u03bb\u03b9\u03c2 \u03bf\u03b9 \u03c0\u03b1\u03af\u03ba\u03c4\u03b5\u03c2 \u03bf\u03bb\u03bf\u03ba\u03bb\u03b7\u03c1\u03ce\u03c3\u03bf\u03c5\u03bd \u03c4\u03b7 \u03b4\u03b9\u03b1\u03b4\u03b9\u03ba\u03b1\u03c3\u03af\u03b1 <strong>\u03a3\u03cd\u03bd\u03b4\u03b5\u03c3\u03b7 \u03ba\u03b1\u03b9 \u03b5\u03b3\u03b3\u03c1\u03b1\u03c6\u03ae \u03c3\u03c4\u03bf Kingmaker<\/strong>\u03a0\u03c1\u03bf\u03ba\u03b5\u03b9\u03bc\u03ad\u03bd\u03bf\u03c5 \u03bd\u03b1 \u03b4\u03b9\u03b1\u03c3\u03c6\u03b1\u03bb\u03b9\u03c3\u03c4\u03b5\u03af \u03cc\u03c4\u03b9 \u03b7 <strong>\u03b1\u03c3\u03c6\u03ac\u03bb\u03b5\u03b9\u03b1 \u03ba\u03b1\u03b9 \u03c3\u03c5\u03bc\u03bc\u03cc\u03c1\u03c6\u03c9\u03c3\u03b7<\/strong> \u03a0\u03c1\u03b9\u03bd \u03c0\u03b1\u03af\u03be\u03b5\u03c4\u03b5 \u03bc\u03b5 \u03c0\u03c1\u03b1\u03b3\u03bc\u03b1\u03c4\u03b9\u03ba\u03ac \u03c7\u03c1\u03ae\u03bc\u03b1\u03c4\u03b1, \u03b5\u03af\u03bd\u03b1\u03b9 \u03b1\u03c0\u03b1\u03c1\u03b1\u03af\u03c4\u03b7\u03c4\u03bf \u03bd\u03b1 \u03c5\u03c0\u03bf\u03b2\u03ac\u03bb\u03b5\u03c4\u03b5 \u03b1\u03c1\u03c7\u03b9\u03ba\u03ac \u03ad\u03bd\u03b1 <strong>\u03c4\u03b1\u03c5\u03c4\u03cc\u03c4\u03b7\u03c4\u03b1<\/strong>\u03c9\u03c2 <strong>\u03b4\u03b9\u03b1\u03b2\u03b1\u03c4\u03ae\u03c1\u03b9\u03bf, \u03b5\u03b8\u03bd\u03b9\u03ba\u03ae \u03c4\u03b1\u03c5\u03c4\u03cc\u03c4\u03b7\u03c4\u03b1 \u03ae \u03ac\u03b4\u03b5\u03b9\u03b1 \u03bf\u03b4\u03ae\u03b3\u03b7\u03c3\u03b7\u03c2<\/strong>. \u03a4\u03bf \u03ad\u03b3\u03b3\u03c1\u03b1\u03c6\u03bf \u03b1\u03c5\u03c4\u03cc \u03c7\u03c1\u03b7\u03c3\u03b9\u03bc\u03b5\u03cd\u03b5\u03b9 \u03b3\u03b9\u03b1 \u03c4\u03b7\u03bd \u03b5\u03c0\u03b1\u03bb\u03ae\u03b8\u03b5\u03c5\u03c3\u03b7 \u03c4\u03b7\u03c2 \u03c4\u03b1\u03c5\u03c4\u03cc\u03c4\u03b7\u03c4\u03b1\u03c2 \u03ba\u03b1\u03b9 \u03c4\u03b7\u03c2 \u03b7\u03bb\u03b9\u03ba\u03af\u03b1\u03c2 \u03c3\u03b1\u03c2 \u03c3\u03cd\u03bc\u03c6\u03c9\u03bd\u03b1 \u03bc\u03b5 \u03c4\u03b9\u03c2 \u03bd\u03bf\u03bc\u03b9\u03ba\u03ad\u03c2 \u03b1\u03c0\u03b1\u03b9\u03c4\u03ae\u03c3\u03b5\u03b9\u03c2. <strong>\u03b1\u03c0\u03cc\u03b4\u03b5\u03b9\u03be\u03b7 \u03b4\u03b9\u03b5\u03cd\u03b8\u03c5\u03bd\u03c3\u03b7\u03c2<\/strong>\u03c9\u03c2 <strong>\u03c0\u03c1\u03cc\u03c3\u03c6\u03b1\u03c4\u03bf \u03bb\u03bf\u03b3\u03b1\u03c1\u03b9\u03b1\u03c3\u03bc\u03cc \u03ba\u03bf\u03b9\u03bd\u03ae\u03c2 \u03c9\u03c6\u03ad\u03bb\u03b5\u03b9\u03b1\u03c2, \u03c4\u03c1\u03b1\u03c0\u03b5\u03b6\u03b9\u03ba\u03ae \u03b4\u03ae\u03bb\u03c9\u03c3\u03b7 \u03ae \u03b5\u03c0\u03af\u03c3\u03b7\u03bc\u03bf \u03ad\u03b3\u03b3\u03c1\u03b1\u03c6\u03bf<\/strong> \u03c0\u03bf\u03c5 \u03c0\u03b5\u03c1\u03b9\u03bb\u03b1\u03bc\u03b2\u03ac\u03bd\u03b5\u03b9 \u03c4\u03bf \u03cc\u03bd\u03bf\u03bc\u03b1 \u03ba\u03b1\u03b9 \u03c4\u03b7 \u03b4\u03b9\u03b5\u03cd\u03b8\u03c5\u03bd\u03c3\u03ae \u03c3\u03b1\u03c2. \u03a4\u03b1 \u03ad\u03b3\u03b3\u03c1\u03b1\u03c6\u03b1 \u03b1\u03c5\u03c4\u03ac \u03c3\u03c5\u03bc\u03b2\u03ac\u03bb\u03bb\u03bf\u03c5\u03bd \u03c3\u03c4\u03b7\u03bd \u03b5\u03c0\u03b9\u03b2\u03b5\u03b2\u03b1\u03af\u03c9\u03c3\u03b7 \u03c4\u03b7\u03c2 \u03ba\u03b1\u03c4\u03bf\u03b9\u03ba\u03af\u03b1\u03c2 \u03c3\u03b1\u03c2 \u03ba\u03b1\u03b9 \u03b4\u03b9\u03b1\u03c3\u03c6\u03b1\u03bb\u03af\u03b6\u03bf\u03c5\u03bd \u03c4\u03b7 \u03c3\u03c5\u03bc\u03bc\u03cc\u03c1\u03c6\u03c9\u03c3\u03b7 \u03bc\u03b5 \u03c4\u03bf\u03c5\u03c2 \u03ba\u03b1\u03bd\u03bf\u03bd\u03b9\u03c3\u03bc\u03bf\u03cd\u03c2 \u03b3\u03b9\u03b1 \u03c4\u03b7\u03bd \u03ba\u03b1\u03c4\u03b1\u03c0\u03bf\u03bb\u03ad\u03bc\u03b7\u03c3\u03b7 \u03c4\u03b7\u03c2 \u03bd\u03bf\u03bc\u03b9\u03bc\u03bf\u03c0\u03bf\u03af\u03b7\u03c3\u03b7\u03c2 \u03b5\u03c3\u03cc\u03b4\u03c9\u03bd \u03b1\u03c0\u03cc \u03c0\u03b1\u03c1\u03ac\u03bd\u03bf\u03bc\u03b5\u03c2 \u03b4\u03c1\u03b1\u03c3\u03c4\u03b7\u03c1\u03b9\u03cc\u03c4\u03b7\u03c4\u03b5\u03c2.<\/p>\n\t\t<\/div>\n\n\t\t<div class=\"kingmakercasinos-btn-block kingmakercasinos-btn-block--left\">\n\t\t\t\t\t<\/div>\n\n\t<\/div>\n<\/section>\n\n\n<style>\n\t.kingmakercasinos-spacer-958623376 {\n\t\theight: 60px;\n\t\tbackground: ;\n\t}\n\t@media only screen and (max-width : 991px) {\n\t\t.kingmakercasinos-spacer-958623376 {\n\t\t\theight: 45px;\n\t\t}\n\t}\n\t@media only screen and (max-width : 575px) {\n\t\t.kingmakercasinos-spacer-958623376 {\n\t\t\theight: 30px;\n\t\t}\n\t}\n<\/style>\n\n<div class=\"kingmakercasinos-spacer kingmakercasinos-spacer-958623376\"><\/div>","protected":false},"excerpt":{"rendered":"","protected":false},"author":1,"featured_media":0,"parent":0,"menu_order":0,"comment_status":"closed","ping_status":"closed","template":"","meta":{"_acf_changed":false,"inline_featured_image":false,"footnotes":""},"class_list":["post-381","page","type-page","status-publish","hentry"],"acf":[],"_links":{"self":[{"href":"https:\/\/kingmakerscasino.es\/el\/wp-json\/wp\/v2\/pages\/381","targetHints":{"allow":["GET"]}}],"collection":[{"href":"https:\/\/kingmakerscasino.es\/el\/wp-json\/wp\/v2\/pages"}],"about":[{"href":"https:\/\/kingmakerscasino.es\/el\/wp-json\/wp\/v2\/types\/page"}],"author":[{"embeddable":true,"href":"https:\/\/kingmakerscasino.es\/el\/wp-json\/wp\/v2\/users\/1"}],"replies":[{"embeddable":true,"href":"https:\/\/kingmakerscasino.es\/el\/wp-json\/wp\/v2\/comments?post=381"}],"version-history":[{"count":15,"href":"https:\/\/kingmakerscasino.es\/el\/wp-json\/wp\/v2\/pages\/381\/revisions"}],"predecessor-version":[{"id":910,"href":"https:\/\/kingmakerscasino.es\/el\/wp-json\/wp\/v2\/pages\/381\/revisions\/910"}],"wp:attachment":[{"href":"https:\/\/kingmakerscasino.es\/el\/wp-json\/wp\/v2\/media?parent=381"}],"curies":[{"name":"wp","href":"https:\/\/api.w.org\/{rel}","templated":true}]}}