{"id":381,"date":"2024-04-15T10:38:17","date_gmt":"2024-04-15T10:38:17","guid":{"rendered":"https:\/\/kingmakercasinos.com\/?page_id=381"},"modified":"2025-02-06T08:13:49","modified_gmt":"2025-02-06T08:13:49","slug":"login","status":"publish","type":"page","link":"https:\/\/kingmakerscasino.es\/it\/login\/","title":{"rendered":"Accedi a Kingmaker"},"content":{"rendered":"<section class=\"kingmakercasinos-banner kingmakercasinos-banner--centered kingmakercasinos-color--secondary kingmakercasinos-banner--img-bg\" \nstyle=\"            background-image: url(https:\/\/kingmakerscasino.es\/wp-content\/uploads\/2024\/04\/bg-u-desktop.jpg);    \">\n\t<div class=\"kingmakercasinos-container\">\n\t\t<div class=\"kingmakercasinos-row\">\n\t\t\t<div class=\"kingmakercasinos-banner-wrap\">\n\n\t\t\t\t\t\t\t\t\t<h1>Accedi a Kingmaker<\/h1>\n\t\t\t\t\t\t\t\t\n\t\t\t\t\t\t\t\t\n\t\t\t\t\t\t\t\t\t<a rel=\"nofollow\" class=\"kingmakercasinos-btn kingmakercasinos-btn--primary\" href=\"\/kingmaker\/\" target=\"_self\">Accedi qui<\/a>\n\t\t\t\t\n\t\t\t<\/div>\n\t\t<\/div> \n\t<\/div>\n<\/section>\n\n<section class=\"kingmakercasinos-text-section\">\n\t<div class=\"kingmakercasinos-container\">\n\n\t\t<div class=\"kingmakercasinos-text-copy\">\n\t\t\t<p>Se volete giocare al Casin\u00f2 Kingmaker, potete stare tranquilli: il login a Kingmaker \u00e8 un processo facile e veloce. L'interfaccia di registrazione del sito web di Kingmaker \u00e8 stata progettata pensando alla comodit\u00e0 dell'utente e include istruzioni chiare per rendere il processo semplice, sia che si acceda da un computer o da un dispositivo mobile, la pagina di login di Kingmaker \u00e8 facile da usare e completamente reattiva. Inoltre, Kingmaker Casino pone una forte enfasi sulla sicurezza, assicurando che le informazioni personali e le transazioni finanziarie siano protette da tecnologie di crittografia avanzate.<\/p>\n\t\t<\/div>\n\n\t\t<div class=\"kingmakercasinos-btn-block kingmakercasinos-btn-block--center\">\n\t\t\t\t\t<\/div>\n\n\t<\/div>\n<\/section>\n\n<section class=\"kingmakercasinos-single-image-section kingmakercasinos-single-image-section--center\">\n\t<div class=\"kingmakercasinos-container\">\n\t\t\t\n\t\t\t\t\t<div class=\"kingmakercasinos-single-image\">\n\t\t\t\t<img loading=\"lazy\" decoding=\"async\" width=\"473\" height=\"574\" src=\"https:\/\/kingmakerscasino.es\/wp-content\/uploads\/2024\/05\/King-login.jpg\" class=\"attachment-full size-full\" alt=\"Accesso a Kingmaker\" srcset=\"https:\/\/kingmakerscasino.es\/wp-content\/uploads\/2024\/05\/King-login.jpg 473w, https:\/\/kingmakerscasino.es\/wp-content\/uploads\/2024\/05\/King-login-247x300.jpg 247w\" sizes=\"auto, (max-width: 473px) 100vw, 473px\" \/>\t\t\t<\/div>  \n\t\t\n\t<\/div>\n<\/section>\n\n<section class=\"kingmakercasinos-text-with-image-section\">\n\t<div class=\"kingmakercasinos-container\">\n\t\t<div class=\"kingmakercasinos-row\">\n\n\t\t\t<div class=\"kingmakercasinos-col kingmakercasinos-copy-col\">\n\n\t\t\t\t<div class=\"kingmakercasinos-text-copy\">\n\t\t\t\t\t<h2>Come registrarsi al Casin\u00f2 Kingmaker?<\/h2>\n<p>Kingmaker Casino offre un processo di accesso semplice e conveniente. Ecco una guida dettagliata su come registrarsi su questa piattaforma:<\/p>\n<ol>\n<li>Visitare il sito web: Aprite il sito web di Kingmaker Casino nel vostro browser. Sarete accolti da un'interfaccia luminosa e facile da usare.<\/li>\n<li>Fare clic su \"Registrati\": cercare il pulsante \"Registrati\", situato nell'angolo in alto a destra della homepage, vicino al login di Kingmaker. Fare clic su di esso per avviare il processo di registrazione.<\/li>\n<li>Scegliere un bonus: i nuovi giocatori possono scegliere tra due bonus di benvenuto, a seconda che siano interessati ai giochi da casin\u00f2 o alle scommesse sportive. Selezionate il bonus Kingmaker che vi piace di pi\u00f9 o inserite un codice promozionale se ne avete uno.<\/li>\n<li>Password ed e-mail: Successivamente, i giocatori devono inserire il proprio indirizzo e-mail e scegliere una password. Assicuratevi di scegliere una password forte, poich\u00e9 Kingmaker Casino ha dei requisiti di sicurezza per prevenire le violazioni dei dati.<\/li>\n<li>Termini e condizioni: Accettare i termini e le condizioni e l'informativa sulla privacy. Leggeteli e spuntate la casella per continuare la registrazione. Un'altra casella, facoltativa, consente di decidere se si desidera ricevere offerte promozionali e bonus attraverso il canale di comunicazione preferito.<\/li>\n<li>Compilare le informazioni personali: inserire i dati quali nome e cognome, data di nascita, sesso, Paese, valuta preferita, numero di telefono, citt\u00e0, indirizzo e codice postale. Assicuratevi che tutte le informazioni siano corrette e cliccate su \"Crea account\".<\/li>\n<li>Verifica del conto: una volta completati tutti i passaggi necessari e cliccato su \"Crea conto\", il vostro conto verr\u00e0 creato e riceverete un'e-mail di verifica. Ora potete accedere al Casin\u00f2 Kingmaker con il vostro indirizzo e-mail e la vostra password e iniziare a giocare.<\/li>\n<\/ol>\n\t\t\t\t<\/div>\n\n\t\t\t\t<div class=\"kingmakercasinos-btn-block kingmakercasinos-btn-block--center\">\n\t\t\t\t\t\t\t\t\t\t\t<a rel=\"nofollow\" class=\"kingmakercasinos-btn kingmakercasinos-btn--primary\" href=\"\/kingmaker\/\" target=\"_self\">Kirjaudu sis\u00e4\u00e4n t\u00e4\u00e4ll\u00e4<\/a>\n\t\t\t\t\t\t\t\t\t<\/div>\n\n\t\t\t<\/div>\n\n\t\t\t<div class=\"kingmakercasinos-col kingmakercasinos-image-col kingmakercasinos-image-col-center\">\n\t\t\t\t\t\t\t\t\t<img loading=\"lazy\" decoding=\"async\" width=\"374\" height=\"901\" src=\"https:\/\/kingmakerscasino.es\/wp-content\/uploads\/2024\/05\/king-reg.jpg\" class=\"attachment-full size-full\" alt=\"Registrazione Kingmaker\" srcset=\"https:\/\/kingmakerscasino.es\/wp-content\/uploads\/2024\/05\/king-reg.jpg 374w, https:\/\/kingmakerscasino.es\/wp-content\/uploads\/2024\/05\/king-reg-125x300.jpg 125w\" sizes=\"auto, (max-width: 374px) 100vw, 374px\" \/>\t\t\t\t\t\t\t<\/div>\n\n\t\t<\/div>\n\t<\/div>\n<\/section>\n\n<section class=\"kingmakercasinos-text-section\">\n\t<div class=\"kingmakercasinos-container\">\n\n\t\t<div class=\"kingmakercasinos-text-copy\">\n\t\t\t<h2>Documenti per la verifica del conto<\/h2>\n<p>Una volta che i giocatori hanno completato il processo di <strong>Accesso e registrazione a Kingmaker<\/strong>Al fine di garantire che il <strong>sicurezza e conformit\u00e0<\/strong> Prima di giocare con denaro reale, \u00e8 necessario inviare inizialmente un <strong>carta d'identit\u00e0<\/strong>come un <strong>passaporto, carta d'identit\u00e0 nazionale o patente di guida<\/strong>. Questo documento serve a verificare la vostra identit\u00e0 e la vostra et\u00e0 in conformit\u00e0 ai requisiti di legge. <strong>prova di indirizzo<\/strong>come un <strong>una bolletta recente, un estratto conto bancario o un documento ufficiale<\/strong> che includa il vostro nome e indirizzo. Questi documenti aiutano a confermare la residenza e a garantire la conformit\u00e0 alle norme antiriciclaggio.<\/p>\n\t\t<\/div>\n\n\t\t<div class=\"kingmakercasinos-btn-block kingmakercasinos-btn-block--left\">\n\t\t\t\t\t<\/div>\n\n\t<\/div>\n<\/section>\n\n\n<style>\n\t.kingmakercasinos-spacer-1551832551 {\n\t\theight: 60px;\n\t\tbackground: ;\n\t}\n\t@media only screen and (max-width : 991px) {\n\t\t.kingmakercasinos-spacer-1551832551 {\n\t\t\theight: 45px;\n\t\t}\n\t}\n\t@media only screen and (max-width : 575px) {\n\t\t.kingmakercasinos-spacer-1551832551 {\n\t\t\theight: 30px;\n\t\t}\n\t}\n<\/style>\n\n<div class=\"kingmakercasinos-spacer kingmakercasinos-spacer-1551832551\"><\/div>","protected":false},"excerpt":{"rendered":"","protected":false},"author":1,"featured_media":0,"parent":0,"menu_order":0,"comment_status":"closed","ping_status":"closed","template":"","meta":{"_acf_changed":false,"inline_featured_image":false,"footnotes":""},"class_list":["post-381","page","type-page","status-publish","hentry"],"acf":[],"_links":{"self":[{"href":"https:\/\/kingmakerscasino.es\/it\/wp-json\/wp\/v2\/pages\/381","targetHints":{"allow":["GET"]}}],"collection":[{"href":"https:\/\/kingmakerscasino.es\/it\/wp-json\/wp\/v2\/pages"}],"about":[{"href":"https:\/\/kingmakerscasino.es\/it\/wp-json\/wp\/v2\/types\/page"}],"author":[{"embeddable":true,"href":"https:\/\/kingmakerscasino.es\/it\/wp-json\/wp\/v2\/users\/1"}],"replies":[{"embeddable":true,"href":"https:\/\/kingmakerscasino.es\/it\/wp-json\/wp\/v2\/comments?post=381"}],"version-history":[{"count":15,"href":"https:\/\/kingmakerscasino.es\/it\/wp-json\/wp\/v2\/pages\/381\/revisions"}],"predecessor-version":[{"id":910,"href":"https:\/\/kingmakerscasino.es\/it\/wp-json\/wp\/v2\/pages\/381\/revisions\/910"}],"wp:attachment":[{"href":"https:\/\/kingmakerscasino.es\/it\/wp-json\/wp\/v2\/media?parent=381"}],"curies":[{"name":"wp","href":"https:\/\/api.w.org\/{rel}","templated":true}]}}