{"id":645,"date":"2024-05-14T19:59:16","date_gmt":"2024-05-14T19:59:16","guid":{"rendered":"https:\/\/kingmakercasinos.com\/?page_id=645"},"modified":"2025-02-06T08:09:01","modified_gmt":"2025-02-06T08:09:01","slug":"bonus","status":"publish","type":"page","link":"https:\/\/kingmakerscasino.es\/it\/bonus\/","title":{"rendered":"Bonus Kingmaker"},"content":{"rendered":"<section class=\"kingmakercasinos-banner kingmakercasinos-banner--centered kingmakercasinos-color--secondary kingmakercasinos-banner--img-bg\" \nstyle=\"            background-image: url(https:\/\/kingmakerscasino.es\/wp-content\/uploads\/2024\/04\/bg-u-desktop.jpg);    \">\n\t<div class=\"kingmakercasinos-container\">\n\t\t<div class=\"kingmakercasinos-row\">\n\t\t\t<div class=\"kingmakercasinos-banner-wrap\">\n\n\t\t\t\t\t\t\t\t\t<h1>Bonus Kingmaker<\/h1>\n\t\t\t\t\t\t\t\t\n\t\t\t\t\t\t\t\t\n\t\t\t\t\t\t\t\t\t<a rel=\"nofollow\" class=\"kingmakercasinos-btn kingmakercasinos-btn--primary\" href=\"\/kingmaker\/\" target=\"_self\">Rekister\u00f6i<\/a>\n\t\t\t\t\n\t\t\t<\/div>\n\t\t<\/div> \n\t<\/div>\n<\/section>\n\n<section class=\"kingmakercasinos-text-section\">\n\t<div class=\"kingmakercasinos-container\">\n\n\t\t<div class=\"kingmakercasinos-text-copy\">\n\t\t\t<p>Nella sezione Bonus di Kingmaker Casino, i giocatori troveranno una variet\u00e0 di bonus attraenti con termini e condizioni chiare per il riscatto. I bonus includono offerte di benvenuto per i nuovi giocatori, che combinano bonus sul deposito e giri gratis, fornendo un'ulteriore motivazione per iniziare l'avventura al casin\u00f2. Inoltre, i giocatori pi\u00f9 fedeli possono approfittare delle promozioni regolari di Kingmaker Casino, come bonus sul deposito, cash back e persino codici promozionali quando si registrano o effettuano un deposito.<\/p>\n\t\t<\/div>\n\n\t\t<div class=\"kingmakercasinos-btn-block kingmakercasinos-btn-block--center\">\n\t\t\t\t\t<\/div>\n\n\t<\/div>\n<\/section>\n\n<section class=\"kingmakercasinos-text-with-image-section\">\n\t<div class=\"kingmakercasinos-container\">\n\t\t<div class=\"kingmakercasinos-row\">\n\n\t\t\t<div class=\"kingmakercasinos-col kingmakercasinos-copy-col\">\n\n\t\t\t\t<div class=\"kingmakercasinos-text-copy\">\n\t\t\t\t\t<p><strong>Tipi di bonus al Casin\u00f2 Kingmaker<\/strong><\/p>\n<p>Kingmaker Casino offre un'ampia variet\u00e0 di bonus sia per i nuovi giocatori che per quelli esistenti. Indipendentemente dal vostro stile di gioco e dalle vostre preferenze, troverete promozioni adatte alle vostre esigenze. Ecco alcuni dei bonus disponibili:<\/p>\n<ul>\n<li><strong>Bonus di benvenuto<\/strong><\/li>\n<li><strong>Bonus di deposito<\/strong><\/li>\n<li><strong>Bonus per le scommesse sportive<\/strong><\/li>\n<li><strong>Programma fedelt\u00e0<\/strong><\/li>\n<\/ul>\n<p>Potete iniziare la vostra avventura con un generoso <strong>bonus di benvenuto<\/strong> dalla prima partita. <strong>Accedi a Kingmaker<\/strong> e godetevi le offerte esclusive durante tutte le vostre sessioni di gioco.<\/p>\n\t\t\t\t<\/div>\n\n\t\t\t\t<div class=\"kingmakercasinos-btn-block kingmakercasinos-btn-block--center\">\n\t\t\t\t\t\t\t\t\t\t\t<a rel=\"nofollow\" class=\"kingmakercasinos-btn kingmakercasinos-btn--primary\" href=\"\/kingmaker\/\" target=\"_self\">Rekister\u00f6i<\/a>\n\t\t\t\t\t\t\t\t\t<\/div>\n\n\t\t\t<\/div>\n\n\t\t\t<div class=\"kingmakercasinos-col kingmakercasinos-image-col kingmakercasinos-image-col-center\">\n\t\t\t\t\t\t\t\t\t<a rel=\"nofollow\" href=\"\/kingmaker\/\">\n\t\t\t\t\t\t<img loading=\"lazy\" decoding=\"async\" width=\"1000\" height=\"828\" src=\"https:\/\/kingmakerscasino.es\/wp-content\/uploads\/2024\/05\/kiingmaker-bonus-types.jpg\" class=\"attachment-full size-full\" alt=\"Bonus Kingmaker\" srcset=\"https:\/\/kingmakerscasino.es\/wp-content\/uploads\/2024\/05\/kiingmaker-bonus-types.jpg 1000w, https:\/\/kingmakerscasino.es\/wp-content\/uploads\/2024\/05\/kiingmaker-bonus-types-300x248.jpg 300w, https:\/\/kingmakerscasino.es\/wp-content\/uploads\/2024\/05\/kiingmaker-bonus-types-768x636.jpg 768w\" sizes=\"auto, (max-width: 1000px) 100vw, 1000px\" \/>\t\t\t\t\t<\/a>\n\t\t\t\t\t\t\t<\/div>\n\n\t\t<\/div>\n\t<\/div>\n<\/section>\n\n\n<h3 class=\"wp-block-heading\">Bonus di benvenuto<\/h3>\n\n\n\n<p>I nuovi giocatori di casin\u00f2 di Kingmaker sono accolti con un solido bonus di benvenuto che <strong>raddoppia il primo deposito<\/strong> con un <strong>100% bonus fino a 500 euro<\/strong>. Inoltre, i giocatori ricevono <strong>25 giri gratuiti sui giochi Jackpot<\/strong>che aumenta l'eccitazione della vostra esperienza di gioco. Ecco i dettagli principali di questo bonus di Kingmaker Casino:<\/p>\n\n\n\n<ul class=\"wp-block-list\">\n<li><strong>Bonus di deposito:<\/strong> Fino a 500 EUR<\/li>\n\n\n\n<li><strong>Giri gratis:<\/strong> 25 giri gratuiti su Jackpot<\/li>\n\n\n\n<li><strong>Deposito minimo:<\/strong> 20 \u20ac<\/li>\n\n\n\n<li><strong>Requisiti di puntata:<\/strong> x35 per i fondi bonus, x40 per le vincite dei giri gratis<\/li>\n\n\n\n<li><strong>Metodi di deposito non ammissibili:<\/strong> Skrill e Neteller<\/li>\n<\/ul>\n\n\n\n<p>Il bonus aumenta notevolmente il tempo di gioco, ma \u00e8 importante considerare i requisiti di puntata: <strong>\u00e8 necessario scommettere l'importo del bonus 35 volte prima di poter prelevare i fondi del bonus<\/strong>. Allo stesso modo, le vincite dei giri gratuiti devono essere scommesse su <strong>40 volte<\/strong>. Questi requisiti sono abbastanza comuni nel settore dei casin\u00f2 online, ma \u00e8 consigliabile esserne consapevoli per poter sfruttare appieno i vantaggi del bonus Kingmaker.<\/p>\n\n\n\n<p><strong>Per gli appassionati di scommesse sportive, Kingmaker Casino offre anche un interessante bonus di benvenuto:<\/strong><\/p>\n\n\n\n<ul class=\"wp-block-list\">\n<li><strong>Bonus di deposito:<\/strong> 100% del primo deposito fino a 100 EUR (pu\u00f2 variare a seconda del paese)<\/li>\n\n\n\n<li><strong>Requisiti di puntata:<\/strong> x1 sull'importo del deposito<\/li>\n\n\n\n<li><strong>Metodi di deposito non ammissibili:<\/strong> Skrill e Neteller<\/li>\n<\/ul>\n\n\n\n<p>Questo bonus Kingmaker \u00e8 particolarmente attraente grazie al suo <strong>requisito di scommessa basso di solo 1x<\/strong>che rende pi\u00f9 facile per i giocatori convertire il bonus in fondi prelevabili. Tuttavia, l'importo massimo del bonus pu\u00f2 variare a seconda del paese del giocatore, per cui si consiglia di controllare i termini specifici applicabili a ciascuna localit\u00e0. Come per il bonus di benvenuto del casin\u00f2, i depositi effettuati tramite <strong>Skrill e Neteller<\/strong> non sono idonei per questa promozione.anjaan.<\/p>\n\n\n<section class=\"kingmakercasinos-single-image-section kingmakercasinos-single-image-section--center\">\n\t<div class=\"kingmakercasinos-container\">\n\t\t\t\n\t\t\t\t\t<div class=\"kingmakercasinos-single-image\">\n\t\t\t\t<img loading=\"lazy\" decoding=\"async\" width=\"378\" height=\"349\" src=\"https:\/\/kingmakerscasino.es\/wp-content\/uploads\/2024\/05\/king-welcome-bonus.jpg\" class=\"attachment-full size-full\" alt=\"Bonus di benvenuto Kingmaker\" srcset=\"https:\/\/kingmakerscasino.es\/wp-content\/uploads\/2024\/05\/king-welcome-bonus.jpg 378w, https:\/\/kingmakerscasino.es\/wp-content\/uploads\/2024\/05\/king-welcome-bonus-300x277.jpg 300w\" sizes=\"auto, (max-width: 378px) 100vw, 378px\" \/>\t\t\t<\/div>  \n\t\t\n\t<\/div>\n<\/section>\n\n\n<h3 class=\"wp-block-heading\">Bonus del casin\u00f2 dal vivo<\/h3>\n\n\n\n<p>Giocando e partecipando agli eventi della sezione Live Casino di Kingmaker Casino ogni settimana, gli utenti possono ricevere un cashback di 25% sulle loro perdite, fino a un massimo di 200 \u20ac. Questa offerta \u00e8 particolarmente vantaggiosa per i giocatori che preferiscono i croupier dal vivo e l'atmosfera autentica di un vero casin\u00f2. Con questo cashback settimanale, \u00e8 possibile compensare eventuali perdite e prolungare il tempo di gioco al Kingmaker Casino.<\/p>\n\n\n\n<p>Potete approfittare di questo bonus di Kingmaker partecipando regolarmente ai giochi di casin\u00f2 dal vivo. Kingmaker Casino tiene traccia delle vostre scommesse e accredita settimanalmente il cashback sul vostro conto, fino a un massimo di 200 euro. Si tratta di un bonus aggiuntivo che vi aiuta a gestire il vostro bankroll e a continuare a godervi il brivido dei croupier dal vivo.<\/p>\n\n\n<section class=\"kingmakercasinos-text-section\">\n\t<div class=\"kingmakercasinos-container\">\n\n\t\t<div class=\"kingmakercasinos-text-copy\">\n\t\t\t\t\t<\/div>\n\n\t\t<div class=\"kingmakercasinos-btn-block kingmakercasinos-btn-block--center\">\n\t\t\t\t\t\t\t<a rel=\"nofollow\" class=\"kingmakercasinos-btn kingmakercasinos-btn--primary\" href=\"\/kingmaker\/\" target=\"_self\">Rekister\u00f6i<\/a>\n\t\t\t\t\t<\/div>\n\n\t<\/div>\n<\/section>\n\n\n<h3 class=\"wp-block-heading\">Gocce e vittorie<\/h3>\n\n\n\n<p>Kingmaker Casino cerca sempre di sorprendere i suoi giocatori con nuove ed entusiasmanti opportunit\u00e0 di vincita. Una di queste offerte esclusive \u00e8 Drops &amp; Wins. Attualmente, Kingmaker Casino sta conducendo un'entusiasmante campagna in collaborazione con Pragmatic Play, chiamata Drops &amp; Wins Live Casino, con un impressionante montepremi di 1.040.000 euro. La campagna Drops &amp; Wins \u00e8 incentrata sul popolare gioco di casin\u00f2 dal vivo Mega Wheel.<\/p>\n\n\n\n<p>Partecipare alla promozione Drops &amp; Wins \u00e8 semplice. I giocatori devono semplicemente partecipare al gioco Mega Wheel durante il periodo di bonus di Kingmaker Casino. I premi vengono assegnati in modo casuale attraverso i drop giornalieri, e i tornei settimanali includono anche premi basati su una classifica. Pi\u00f9 si gioca, maggiori sono le possibilit\u00e0 di vincita.<\/p>\n\n\n\n<p>Caratteristiche principali di questo bonus Kingmaker:<\/p>\n\n\n<section class=\"kingmakercasinos-single-image-section kingmakercasinos-single-image-section--center\">\n\t<div class=\"kingmakercasinos-container\">\n\t\t\t\n\t\t\t\t\t<div class=\"kingmakercasinos-single-image\">\n\t\t\t\t<img loading=\"lazy\" decoding=\"async\" width=\"810\" height=\"490\" src=\"https:\/\/kingmakerscasino.es\/wp-content\/uploads\/2024\/05\/Sport-Welcome-Bonus.jpg\" class=\"attachment-full size-full\" alt=\"Bonus di benvenuto per lo sport\" srcset=\"https:\/\/kingmakerscasino.es\/wp-content\/uploads\/2024\/05\/Sport-Welcome-Bonus.jpg 810w, https:\/\/kingmakerscasino.es\/wp-content\/uploads\/2024\/05\/Sport-Welcome-Bonus-300x181.jpg 300w, https:\/\/kingmakerscasino.es\/wp-content\/uploads\/2024\/05\/Sport-Welcome-Bonus-768x465.jpg 768w\" sizes=\"auto, (max-width: 810px) 100vw, 810px\" \/>\t\t\t<\/div>  \n\t\t\n\t<\/div>\n<\/section>\n\n\n<ul class=\"wp-block-list\">\n<li>Montepremi gigantesco: viene distribuito attraverso premi giornalieri e settimanali, il che aumenta notevolmente le possibilit\u00e0 di vincita dei partecipanti.<\/li>\n\n\n\n<li>Nessun requisito di puntata: una delle caratteristiche pi\u00f9 interessanti di questo bonus di Kingmaker Casino \u00e8 che tutte le vincite vengono accreditate in contanti senza requisiti di puntata. I giocatori possono prelevare immediatamente le loro vincite senza dover soddisfare ulteriori condizioni di rollover.<\/li>\n\n\n\n<li>Premi giornalieri e settimanali: il montepremi \u00e8 suddiviso in drop giornalieri e tornei settimanali, garantendo molteplici possibilit\u00e0 di vincita per tutto il periodo della promozione.<\/li>\n<\/ul>\n\n\n\n<p>Per maggiori informazioni, vi consigliamo di consultare il bonus Drops &amp; Wins nella sezione promozioni del Casin\u00f2 Kingmaker. Inoltre, contattando l'assistenza clienti, \u00e8 possibile conoscere i termini ed evitare qualsiasi malinteso.<\/p>\n\n\n\n<style>\n\t.kingmakercasinos-spacer-218385703 {\n\t\theight: 57px;\n\t\tbackground: ;\n\t}\n\t@media only screen and (max-width : 991px) {\n\t\t.kingmakercasinos-spacer-218385703 {\n\t\t\theight: 45px;\n\t\t}\n\t}\n\t@media only screen and (max-width : 575px) {\n\t\t.kingmakercasinos-spacer-218385703 {\n\t\t\theight: 30px;\n\t\t}\n\t}\n<\/style>\n\n<div class=\"kingmakercasinos-spacer kingmakercasinos-spacer-218385703\"><\/div>\n\n\n<p><\/p>","protected":false},"excerpt":{"rendered":"<p>Bono de Bienvenida Los nuevos jugadores de casino en Kingmaker son recibidos con un s\u00f3lido bono de bienvenida que duplica el primer dep\u00f3sito con un bono del 100% hasta 500 euros. Adem\u00e1s, los jugadores reciben 25 giros gratis en juegos de Jackpot, lo que aumenta la emoci\u00f3n de su experiencia de juego. A continuaci\u00f3n, los [&hellip;]<\/p>\n","protected":false},"author":1,"featured_media":0,"parent":0,"menu_order":0,"comment_status":"closed","ping_status":"closed","template":"","meta":{"_acf_changed":false,"inline_featured_image":false,"footnotes":""},"class_list":["post-645","page","type-page","status-publish","hentry"],"acf":[],"_links":{"self":[{"href":"https:\/\/kingmakerscasino.es\/it\/wp-json\/wp\/v2\/pages\/645","targetHints":{"allow":["GET"]}}],"collection":[{"href":"https:\/\/kingmakerscasino.es\/it\/wp-json\/wp\/v2\/pages"}],"about":[{"href":"https:\/\/kingmakerscasino.es\/it\/wp-json\/wp\/v2\/types\/page"}],"author":[{"embeddable":true,"href":"https:\/\/kingmakerscasino.es\/it\/wp-json\/wp\/v2\/users\/1"}],"replies":[{"embeddable":true,"href":"https:\/\/kingmakerscasino.es\/it\/wp-json\/wp\/v2\/comments?post=645"}],"version-history":[{"count":15,"href":"https:\/\/kingmakerscasino.es\/it\/wp-json\/wp\/v2\/pages\/645\/revisions"}],"predecessor-version":[{"id":906,"href":"https:\/\/kingmakerscasino.es\/it\/wp-json\/wp\/v2\/pages\/645\/revisions\/906"}],"wp:attachment":[{"href":"https:\/\/kingmakerscasino.es\/it\/wp-json\/wp\/v2\/media?parent=645"}],"curies":[{"name":"wp","href":"https:\/\/api.w.org\/{rel}","templated":true}]}}