{"id":89,"date":"2024-01-22T13:01:45","date_gmt":"2024-01-22T13:01:45","guid":{"rendered":"https:\/\/kingmakercasinos.com\/?page_id=89"},"modified":"2025-02-06T08:03:39","modified_gmt":"2025-02-06T08:03:39","slug":"home","status":"publish","type":"page","link":"https:\/\/kingmakerscasino.es\/it\/","title":{"rendered":"Recensione del casin\u00f2 Kingmaker"},"content":{"rendered":"<section class=\"kingmakercasinos-banner kingmakercasinos-banner--centered kingmakercasinos-color--secondary kingmakercasinos-banner--img-bg\" \nstyle=\"            background-image: url(https:\/\/kingmakerscasino.es\/wp-content\/uploads\/2024\/04\/bg-u-desktop.jpg);    \">\n\t<div class=\"kingmakercasinos-container\">\n\t\t<div class=\"kingmakercasinos-row\">\n\t\t\t<div class=\"kingmakercasinos-banner-wrap\">\n\n\t\t\t\t\t\t\t\t\t<h1>Recensione del Casin\u00f2 Kingmaker<\/h1>\n\t\t\t\t\t\t\t\t\n\t\t\t\t\t\t\t\t\n\t\t\t\t\t\t\t\t\t<a rel=\"nofollow\" class=\"kingmakercasinos-btn kingmakercasinos-btn--primary\" href=\"\/kingmaker\/\" target=\"_self\">Gioco<\/a>\n\t\t\t\t\n\t\t\t<\/div>\n\t\t<\/div> \n\t<\/div>\n<\/section>\n\n<section class=\"kingmakercasinos-text-section\">\n\t<div class=\"kingmakercasinos-container\">\n\n\t\t<div class=\"kingmakercasinos-text-copy\">\n\t\t\t<p>Kingmaker Casino, che opera con licenza di Cura\u00e7ao, permette ai giocatori di godere di un'ampia selezione di giochi, con oltre 8.500 titoli tra slot, giochi da tavolo tradizionali e opzioni di dealer dal vivo. Il casin\u00f2 collabora con fornitori famosi come NetEnt, Evolution Gaming e Play'N GO, garantendo un processo di gioco equo e trasparente. Inoltre, Kingmaker Casino impiega tecnologie di crittografia di alto livello per garantire che le vostre informazioni rimangano riservate e protette.<\/p>\n<p>La piattaforma \u00e8 ottimizzata per i dispositivi mobili, quindi se volete giocare in movimento, Kingmaker Casino offre un'interfaccia mobile-friendly che garantisce un'esperienza fluida e una facile navigazione. In questa recensione di Kingmaker Casino, esamineremo il processo di registrazione, i bonus disponibili, i giochi, il supporto e altri aspetti chiave.<\/p>\n\t\t<\/div>\n\n\t\t<div class=\"kingmakercasinos-btn-block kingmakercasinos-btn-block--left\">\n\t\t\t\t\t<\/div>\n\n\t<\/div>\n<\/section>\n\n<section class=\"kingmakercasinos-single-image-section kingmakercasinos-single-image-section--center\">\n\t<div class=\"kingmakercasinos-container\">\n\t\t\t\n\t\t\t\t\t<div class=\"kingmakercasinos-single-image\">\n\t\t\t\t<img loading=\"lazy\" decoding=\"async\" width=\"1000\" height=\"487\" src=\"https:\/\/kingmakerscasino.es\/wp-content\/uploads\/2024\/05\/Kingmaker-Casino.jpg\" class=\"attachment-full size-full\" alt=\"Casin\u00f2 Kingmaker\" srcset=\"https:\/\/kingmakerscasino.es\/wp-content\/uploads\/2024\/05\/Kingmaker-Casino.jpg 1000w, https:\/\/kingmakerscasino.es\/wp-content\/uploads\/2024\/05\/Kingmaker-Casino-300x146.jpg 300w, https:\/\/kingmakerscasino.es\/wp-content\/uploads\/2024\/05\/Kingmaker-Casino-768x374.jpg 768w\" sizes=\"auto, (max-width: 1000px) 100vw, 1000px\" \/>\t\t\t<\/div>  \n\t\t\n\t<\/div>\n<\/section>\n\n<section class=\"kingmakercasinos-text-with-image-section\">\n\t<div class=\"kingmakercasinos-container\">\n\t\t<div class=\"kingmakercasinos-row\">\n\n\t\t\t<div class=\"kingmakercasinos-col kingmakercasinos-copy-col\">\n\n\t\t\t\t<div class=\"kingmakercasinos-text-copy\">\n\t\t\t\t\t<p><strong>Registrazione al casin\u00f2 Kingmaker<\/strong><\/p>\n<p><strong>Fase 1: accesso al sito web<\/strong><\/p>\n<p>Per iniziare a giocare al Kingmaker Casino, visitate il suo sito ufficiale utilizzando un qualsiasi browser web di vostra scelta. Il sito \u00e8 intuitivo e facile da usare, e consente di navigare facilmente da un computer o da un dispositivo mobile.<\/p>\n<p><strong>Fase 2: Fare clic su \"Registrazione\".<\/strong><\/p>\n<p>Cliccate sul pulsante \"Registrati\" sulla homepage di Kingmaker Casino, situato nell'angolo in alto a destra del sito. Questo avvier\u00e0 il processo di registrazione e vi chieder\u00e0 di inserire le informazioni necessarie per creare il vostro conto.<\/p>\n<p><strong>Passo 3: Scegliere il bonus di registrazione<\/strong><\/p>\n<p>In qualit\u00e0 di nuovo giocatore, al momento della registrazione sar\u00e0 possibile selezionare un bonus di benvenuto. Avete quattro opzioni: l'offerta di benvenuto del casin\u00f2, l'offerta di scommesse sportive, l'opzione di inserire un codice promozionale se ne avete uno, o di continuare senza bonus. Assicuratevi di controllare i termini e le condizioni dell'offerta che vi interessa per sfruttarne al massimo i vantaggi.<\/p>\n<p><strong>Passo 4: inserire le proprie credenziali<\/strong><\/p>\n<p>Successivamente, inserite il vostro indirizzo e-mail e create una password forte per il vostro conto Kingmaker Casino. Assicuratevi che la vostra password sia sufficientemente forte e soddisfi i requisiti di sicurezza della piattaforma. Nella stessa pagina, dovrete leggere i termini e le condizioni di Kingmaker Casino, nonch\u00e9 la sua politica sulla privacy, e spuntare la casella che indica che avete almeno 18 anni. Potete anche scegliere di ricevere aggiornamenti sui nuovi bonus e promozioni attraverso il vostro canale di comunicazione preferito.<\/p>\n<p><strong>Fase 5: Completare le informazioni<\/strong><\/p>\n<p>Nell'ultima fase della registrazione, fornite i dati di base per il vostro conto. Inserire nome e cognome, data di nascita, sesso, Paese, valuta preferita, numero di telefono, citt\u00e0, indirizzo e codice postale. Una volta verificato che tutte le informazioni siano corrette, cliccate sul pulsante \"Crea account\" per completare il processo di registrazione.<\/p>\n\t\t\t\t<\/div>\n\n\t\t\t\t<div class=\"kingmakercasinos-btn-block kingmakercasinos-btn-block--center\">\n\t\t\t\t\t\t\t\t\t\t\t<a rel=\"nofollow\" class=\"kingmakercasinos-btn kingmakercasinos-btn--primary\" href=\"\/kingmaker\/\" target=\"_self\">Pelaa<\/a>\n\t\t\t\t\t\t\t\t\t<\/div>\n\n\t\t\t<\/div>\n\n\t\t\t<div class=\"kingmakercasinos-col kingmakercasinos-image-col kingmakercasinos-image-col-center\">\n\t\t\t\t\t\t\t\t\t<a rel=\"nofollow\" href=\"\/kingmaker\/\">\n\t\t\t\t\t\t<img loading=\"lazy\" decoding=\"async\" width=\"359\" height=\"878\" src=\"https:\/\/kingmakerscasino.es\/wp-content\/uploads\/2024\/05\/Kingmaker.jpg\" class=\"attachment-full size-full\" alt=\"Realizzatore\" srcset=\"https:\/\/kingmakerscasino.es\/wp-content\/uploads\/2024\/05\/Kingmaker.jpg 359w, https:\/\/kingmakerscasino.es\/wp-content\/uploads\/2024\/05\/Kingmaker-123x300.jpg 123w\" sizes=\"auto, (max-width: 359px) 100vw, 359px\" \/>\t\t\t\t\t<\/a>\n\t\t\t\t\t\t\t<\/div>\n\n\t\t<\/div>\n\t<\/div>\n<\/section>\n\n<section class=\"kingmakercasinos-text-section\">\n\t<div class=\"kingmakercasinos-container\">\n\n\t\t<div class=\"kingmakercasinos-text-copy\">\n\t\t\t<h2>Monete del casin\u00f2 Kingmaker disponibili<\/h2>\n<p>Su Kingmaker Casino, i giocatori possono scegliere tra un certo numero di valute disponibili per effettuare le loro transazioni. Le valute pi\u00f9 comunemente accettate al Kingmaker Casino includono l'euro (EUR), il dollaro USA (USD), il dollaro canadese (CAD), il dollaro australiano (AUD) e la corona norvegese (NOK). In questa recensione di Kingmaker Casino sono state menzionate solo alcune opzioni, ed \u00e8 importante notare che la disponibilit\u00e0 di valuta pu\u00f2 variare a seconda del luogo in cui si trova il giocatore e delle normative specifiche della sua giurisdizione.<\/p>\n<p>Kingmaker Casino offre anche la possibilit\u00e0 di utilizzare le criptovalute per le transazioni. Su questa piattaforma, i giocatori possono utilizzare varie criptovalute, come Bitcoin (BTC), Ethereum (ETH), Litecoin (LTC), Shiba Inu (SHIB) e altre.<\/p>\n\t\t<\/div>\n\n\t\t<div class=\"kingmakercasinos-btn-block kingmakercasinos-btn-block--left\">\n\t\t\t\t\t<\/div>\n\n\t<\/div>\n<\/section>\n\n<section class=\"kingmakercasinos-single-image-section kingmakercasinos-single-image-section--center\">\n\t<div class=\"kingmakercasinos-container\">\n\t\t\t\n\t\t\t\t\t<a rel=\"nofollow\" href=\"\/kingmaker\/\" class=\"kingmakercasinos-single-image\">\n\t\t\t\t<img loading=\"lazy\" decoding=\"async\" width=\"848\" height=\"850\" src=\"https:\/\/kingmakerscasino.es\/wp-content\/uploads\/2024\/05\/Games-at-Kingmaker-Casino.jpg\" class=\"attachment-full size-full\" alt=\"Giochi del Casin\u00f2 Kingmaker\" srcset=\"https:\/\/kingmakerscasino.es\/wp-content\/uploads\/2024\/05\/Games-at-Kingmaker-Casino.jpg 848w, https:\/\/kingmakerscasino.es\/wp-content\/uploads\/2024\/05\/Games-at-Kingmaker-Casino-300x300.jpg 300w, https:\/\/kingmakerscasino.es\/wp-content\/uploads\/2024\/05\/Games-at-Kingmaker-Casino-150x150.jpg 150w, https:\/\/kingmakerscasino.es\/wp-content\/uploads\/2024\/05\/Games-at-Kingmaker-Casino-768x770.jpg 768w\" sizes=\"auto, (max-width: 848px) 100vw, 848px\" \/>\t\t\t<\/a>\n\t\t\n\t<\/div>\n<\/section>\n\n\n<h2 class=\"wp-block-heading\">Bonus del casin\u00f2 Kingmaker<\/h2>\n\n\n\n<p>Kingmaker Casino offre un'incredibile variet\u00e0 di opzioni bonus. I giocatori possono godere di molteplici vantaggi, dai bonus di benvenuto alle promozioni in corso che arricchiscono la loro esperienza di gioco. Il pacchetto di benvenuto \u00e8 particolarmente interessante e offre ai nuovi membri bonus sul deposito e giri gratis per iniziare la loro avventura. Sono inoltre disponibili bonus di deposito regolari e offerte di cashback. In questa recensione di Kingmaker Casino, approfondiremo i bonus di benvenuto, le promozioni regolari del casin\u00f2 e i bonus per le scommesse sportive.<\/p>\n\n\n\n<h3 class=\"wp-block-heading\">Bonus di benvenuto<\/h3>\n\n\n\n<p>Kingmaker d\u00e0 il benvenuto ai nuovi giocatori di casin\u00f2 con un bonus di benvenuto: un bonus di 100% sul deposito fino a 500 \u20ac e 25 giri gratis su Jackpot. Depositate un minimo di 20 \u20ac per raddoppiare i vostri fondi iniziali e godere di ulteriori giri sui giochi jackpot.<\/p>\n\n\n\n<p>Sebbene il bonus aumenti il vostro bilancio di gioco, ricordate che dovrete rispettare un <strong>requisito di puntata di x35<\/strong> prima di prelevare i fondi del bonus. Inoltre, le vincite ottenute con i giri gratuiti sono soggette a una tassa di <strong>requisito di scommessa di x40<\/strong>. Si prega di notare che i depositi effettuati tramite Skrill e Neteller non sono ammessi a questa promozione.<\/p>\n\n\n<section class=\"kingmakercasinos-single-image-section kingmakercasinos-single-image-section--center\">\n\t<div class=\"kingmakercasinos-container\">\n\t\t\t\n\t\t\t\t\t<div class=\"kingmakercasinos-single-image\">\n\t\t\t\t<img loading=\"lazy\" decoding=\"async\" width=\"373\" height=\"354\" src=\"https:\/\/kingmakerscasino.es\/wp-content\/uploads\/2024\/05\/Slots-at-Kingmaker-Casino.jpg\" class=\"attachment-full size-full\" alt=\"Slot machine al Casin\u00f2 Kingmaker\" srcset=\"https:\/\/kingmakerscasino.es\/wp-content\/uploads\/2024\/05\/Slots-at-Kingmaker-Casino.jpg 373w, https:\/\/kingmakerscasino.es\/wp-content\/uploads\/2024\/05\/Slots-at-Kingmaker-Casino-300x285.jpg 300w\" sizes=\"auto, (max-width: 373px) 100vw, 373px\" \/>\t\t\t<\/div>  \n\t\t\n\t<\/div>\n<\/section>\n\n\n<h3 class=\"wp-block-heading\">Bonus regolari del casin\u00f2<\/h3>\n\n\n\n<p>Kingmaker Casino sostiene e motiva i suoi giocatori abituali con bonus di casin\u00f2 regolari. Questi includono, tra gli altri:\u00a0<\/p>\n\n\n\n<ul class=\"wp-block-list\">\n<li>Bonus di ricarica del fine settimana: \u00e8 possibile ricevere fino a 700\u20ac e 50 giri gratis quando si effettua un deposito tra le ore 00:00 di venerd\u00ec e le 23:59 di domenica.<\/li>\n\n\n\n<li>Giri gratis settimanali: giocate dal luned\u00ec al gioved\u00ec e riceverete 50 giri gratis.<\/li>\n\n\n\n<li>Bonus Casin\u00f2 Live: giocate ai giochi e agli eventi della sezione Casin\u00f2 Live ogni settimana e riceverete un cashback di 25% fino a 200 \u20ac.<\/li>\n\n\n\n<li>Bonus Cashback: godetevi un cashback settimanale di 15% sulle vostre perdite, con un massimo di 3.000\u20ac a seconda del vostro livello VIP.<\/li>\n<\/ul>\n\n\n\n<h3 class=\"wp-block-heading\">Bonus di benvenuto per le scommesse sportive<\/h3>\n\n\n\n<p>Kingmaker Casinolla urheiluvedonly\u00f6nnin yst\u00e4v\u00e4t voivat aloittaa matkansa anteliaalla 100% tervetuliaisbonuksella ensimm\u00e4isest\u00e4 talletuksesta 100 euroon asti. Enimm\u00e4issumma kuitenkin vaihtelee ja voi olla suurempi tai pienempi riippuen pelaajan maasta. Kierr\u00e4tysvaatimus on vain on x1, mutta on syyt\u00e4 mainita, ett\u00e4 jos lataat saldosi Netellerin tai Skrillin kautta, n\u00e4m\u00e4 talletukset eiv\u00e4t oikeuta t\u00e4h\u00e4n bonukseen.<\/p>\n\n\n\n<p>Utilizzando i fondi del bonus, potrete piazzare pi\u00f9 scommesse e tentare la fortuna su una variet\u00e0 di eventi sportivi. Che si tratti di calcio, tennis, pallacanestro o qualsiasi altro sport, il bonus di benvenuto pu\u00f2 aumentare le vostre probabilit\u00e0 di successo.<\/p>\n\n\n\n<h3 class=\"wp-block-heading\">Bonus regolari per le scommesse sportive<\/h3>\n\n\n\n<p>I bonus per le scommesse sportive di Kingmaker Casino aprono un mondo di opportunit\u00e0 per gli utenti abituali della piattaforma. Tra le offerte di bonus sportivi, troverete le seguenti promozioni:<\/p>\n\n\n\n<ul class=\"wp-block-list\">\n<li><strong>10% Bonus Cashback fino a 500 euro<\/strong><\/li>\n\n\n\n<li><strong>Rimborso per l'estrazione del foro 100%<\/strong><\/li>\n\n\n\n<li><strong>Aggiornamento dell'accumulatore a 100%<\/strong><\/li>\n\n\n\n<li><strong>Pagamenti anticipati<\/strong><\/li>\n\n\n\n<li><strong>50% buono di ricarica settimanale fino a 500 euro<\/strong><\/li>\n<\/ul>\n\n\n\n<p>Questa recensione di Kingmaker Casino fornisce un breve riassunto dei bonus, quindi ricordatevi di controllare la sezione dei bonus. <strong>Termini e condizioni del bonus<\/strong> per ulteriori informazioni utili sulle promozioni.<\/p>\n\n\n<section class=\"kingmakercasinos-text-section\">\n\t<div class=\"kingmakercasinos-container\">\n\n\t\t<div class=\"kingmakercasinos-text-copy\">\n\t\t\t\t\t<\/div>\n\n\t\t<div class=\"kingmakercasinos-btn-block kingmakercasinos-btn-block--center\">\n\t\t\t\t\t\t\t<a rel=\"nofollow\" class=\"kingmakercasinos-btn kingmakercasinos-btn--primary\" href=\"\/kingmaker\/\" target=\"_self\">Pelaa<\/a>\n\t\t\t\t\t<\/div>\n\n\t<\/div>\n<\/section>\n\n\n<h2 class=\"wp-block-heading\">Giochi del casin\u00f2 Kingmaker<\/h2>\n\n\n\n<p>Dai classici giochi da tavolo alle emozionanti slot machine, Kingmaker Casino ha tutto ci\u00f2 che serve per una sessione di gioco emozionante. Con oltre 8.500 opzioni disponibili, ogni giocatore pu\u00f2 trovare qualcosa di interessante. In questa recensione di Kingmaker Casino, esploreremo in modo pi\u00f9 approfondito le slot, i giochi di casin\u00f2 dal vivo e le opzioni di scommesse sportive.<\/p>\n\n\n\n<p>Kingmaker Casino \u00e8 autorizzato e regolamentato a Cura\u00e7ao, il che garantisce un ambiente di gioco equo e sicuro. Societ\u00e0 di revisione indipendenti ispezionano tutti i giochi per assicurarne la correttezza.<\/p>\n\n\n<section class=\"kingmakercasinos-single-image-section kingmakercasinos-single-image-section--center\">\n\t<div class=\"kingmakercasinos-container\">\n\t\t\t\n\t\t\t\t\t<div class=\"kingmakercasinos-single-image\">\n\t\t\t\t<img loading=\"lazy\" decoding=\"async\" width=\"1000\" height=\"476\" src=\"https:\/\/kingmakerscasino.es\/wp-content\/uploads\/2024\/05\/kingmaker-slots.jpg\" class=\"attachment-full size-full\" alt=\"Recensione del casin\u00f2 Kingmaker\" srcset=\"https:\/\/kingmakerscasino.es\/wp-content\/uploads\/2024\/05\/kingmaker-slots.jpg 1000w, https:\/\/kingmakerscasino.es\/wp-content\/uploads\/2024\/05\/kingmaker-slots-300x143.jpg 300w, https:\/\/kingmakerscasino.es\/wp-content\/uploads\/2024\/05\/kingmaker-slots-768x366.jpg 768w\" sizes=\"auto, (max-width: 1000px) 100vw, 1000px\" \/>\t\t\t<\/div>  \n\t\t\n\t<\/div>\n<\/section>\n\n\n<h3 class=\"wp-block-heading\">Slot machine<\/h3>\n\n\n\n<p>Kingmaker Casino offre ai giocatori un'ampia selezione di slot machine tra cui scegliere. Ogni giro porta emozioni con numerosi giochi interessanti come <strong>Wolf Gold, Valley of the Gods, Reactoonz, Fire Joker e Bullet Hole<\/strong>. Fornitori di giochi prestigiosi come <strong>NetEnt, Yggdrasil, Play'n GO e Quickspin<\/strong> assicurano che ogni slot sia della massima qualit\u00e0, sia che i giocatori accedano da un dispositivo mobile che da un computer desktop.<\/p>\n\n\n\n<h3 class=\"wp-block-heading\">Giochi di casin\u00f2 dal vivo<\/h3>\n\n\n\n<p>Nella sezione <strong>Casin\u00f2 dal vivo Kingmaker<\/strong>Con i giochi di casin\u00f2 dal vivo, potete provare tutta l'emozione di un vero casin\u00f2 dalla comodit\u00e0 di casa vostra. I giochi di casin\u00f2 dal vivo presentano croupier professionisti in tempo reale, garantendo un'esperienza di gioco autentica. Kingmaker Live Casino offre un'ampia variet\u00e0 di giochi da tavolo e di emozionanti giochi in stile show, tra cui:<\/p>\n\n\n\n<ul class=\"wp-block-list\">\n<li><strong>Blackjack<\/strong><\/li>\n\n\n\n<li><strong>Roulette<\/strong><\/li>\n\n\n\n<li><strong>Baccarat<\/strong><\/li>\n\n\n\n<li><strong>Il poker<\/strong><\/li>\n\n\n\n<li><strong>Roulette della fortuna<\/strong><\/li>\n\n\n\n<li><strong>Monopoli in diretta<\/strong><\/li>\n<\/ul>\n\n\n<section class=\"kingmakercasinos-text-section\">\n\t<div class=\"kingmakercasinos-container\">\n\n\t\t<div class=\"kingmakercasinos-text-copy\">\n\t\t\t\t\t<\/div>\n\n\t\t<div class=\"kingmakercasinos-btn-block kingmakercasinos-btn-block--center\">\n\t\t\t\t\t\t\t<a rel=\"nofollow\" class=\"kingmakercasinos-btn kingmakercasinos-btn--primary\" href=\"\/kingmaker\/\" target=\"_self\">Pelaa<\/a>\n\t\t\t\t\t<\/div>\n\n\t<\/div>\n<\/section>\n\n\n<h3 class=\"wp-block-heading\">Scommesse sportive<\/h3>\n\n\n\n<p>Kingmaker Casino offre anche un <strong>GIOCO D'AZZARDO SPORTIVO<\/strong> progettato sia per gli scommettitori esperti che per i principianti. La sua interfaccia intuitiva, la variet\u00e0 dei mercati sportivi e le opzioni di scommesse live garantiscono un'esperienza entusiasmante per tutti gli utenti.<\/p>\n\n\n\n<ul class=\"wp-block-list\">\n<li>Interfaccia facile da usare: la navigazione semplice e l'accesso rapido agli eventi migliorano il processo di scommessa.<\/li>\n\n\n\n<li>Ampi mercati sportivi: dagli sport pi\u00f9 popolari come il calcio e il basket alle competizioni di esports, c'\u00e8 un'ampia variet\u00e0 di opzioni da esplorare.<\/li>\n\n\n\n<li>Quote e promozioni competitive: Kingmaker Casino offre quote interessanti e promozioni frequenti, che aumentano il valore per gli scommettitori.<\/li>\n<\/ul>\n\n\n\n<h3 class=\"wp-block-heading\">Scommesse live<\/h3>\n\n\n\n<p>Kingmaker Casino offre un'esperienza di gioco <strong>SCOMMESSE IN DIRETTA<\/strong> per gli appassionati di scommesse sportive. La piattaforma consente di seguire gli eventi in tempo reale e di sentirsi come allo stadio, il tutto comodamente da casa propria. Non importa se siete scommettitori esperti o principianti, perch\u00e9 Kingmaker offre un'ampia variet\u00e0 di opportunit\u00e0 di scommessa. Dispone di una vasta collezione di <strong>SCOMMESSE IN DIRETTA<\/strong> su sport come calcio, tennis, basket, hockey su ghiaccio, pugilato e molti altri. \u00c8 possibile scommettere sulle partite e sulle competizioni pi\u00f9 importanti seguendo l'azione in diretta.<\/p>\n\n\n\n<h3 class=\"wp-block-heading\">Assistenza tecnica<\/h3>\n\n\n\n<p>Kingmaker Casino offre un'assistenza clienti professionale a tutti i giocatori. Un team dedicato di esperti tecnici \u00e8 disponibile 24 ore su 24 per assistervi con qualsiasi problema o domanda possiate avere mentre vi divertite con i giochi del casin\u00f2. \u00c8 possibile contattare il team di supporto tecnico in qualsiasi momento tramite chat dal vivo o via e-mail all'indirizzo support@kingmaker.com, e gli specialisti vi assisteranno.<\/p>\n\n\n\n<h2 class=\"wp-block-heading\">Licenza Kingmaker<\/h2>\n\n\n\n<p>Kingmaker Casino opera sotto la licenza di Cura\u00e7ao, riconosciuta a livello internazionale. Questa licenza dimostra il suo impegno a fornire un ambiente di gioco sicuro, equo e divertente per tutti i giocatori. La licenza di Cura\u00e7ao certifica il rispetto di rigide normative, assicurando che tutte le operazioni del casin\u00f2 soddisfino gli standard del settore. Scegliendo di giocare su Kingmaker Casino, potete essere certi di sostenere una piattaforma di gioco trasparente, onesta e leale che promuove il gioco responsabile.<\/p>\n\n\n\n<h2 class=\"wp-block-heading\">Kingmaker Casino FAQ - Domande frequenti<\/h2>\n\n\n\n<h3 class=\"wp-block-heading\">Quanto \u00e8 sicuro Kingmaker Casino?<\/h3>\n\n\n\n<p>Kingmaker Casino si impegna a mantenere i pi\u00f9 alti standard di sicurezza per offrire ai giocatori un'esperienza di gioco sicura e legale. Opera sotto la licenza riconosciuta di Cura\u00e7ao, utilizza una tecnologia di crittografia avanzata per proteggere tutte le transazioni finanziarie e promuove pratiche di gioco responsabili.<\/p>\n\n\n\n<h3 class=\"wp-block-heading\">Giochi popolari al Casin\u00f2 Kingmaker<\/h3>\n\n\n\n<p>Che siate appassionati di slot, giochi da tavolo, giochi con croupier dal vivo o giochi speciali, Kingmaker Casino ha qualcosa per tutti. Ecco alcuni dei giochi pi\u00f9 popolari di Kingmaker Casino:<\/p>\n\n\n\n<ul class=\"wp-block-list\">\n<li><strong>Oro del lupo<\/strong><\/li>\n\n\n\n<li><strong>Re dei primati Megaways<\/strong><\/li>\n\n\n\n<li><strong>Fortuna Tre<\/strong><\/li>\n\n\n\n<li><strong>Tumulto nel tempio 2<\/strong><\/li>\n\n\n\n<li><strong>Vichinghi selvaggi in contanti<\/strong><\/li>\n<\/ul>\n\n\n<section class=\"kingmakercasinos-text-section\">\n\t<div class=\"kingmakercasinos-container\">\n\n\t\t<div class=\"kingmakercasinos-text-copy\">\n\t\t\t\t\t<\/div>\n\n\t\t<div class=\"kingmakercasinos-btn-block kingmakercasinos-btn-block--center\">\n\t\t\t\t\t\t\t<a rel=\"nofollow\" class=\"kingmakercasinos-btn kingmakercasinos-btn--primary\" href=\"\/kingmaker\/\" target=\"_self\">Pelaa<\/a>\n\t\t\t\t\t<\/div>\n\n\t<\/div>\n<\/section>\n\n\n<h3 class=\"wp-block-heading\">Fornitori popolari al Casin\u00f2 Kingmaker<\/h3>\n\n\n\n<p>Kingmaker Casino collabora con fornitori di alto livello per garantire ai giocatori l'accesso a un'ampia variet\u00e0 di opzioni di alta qualit\u00e0. Ecco alcuni dei fornitori di giochi pi\u00f9 popolari che troverete su Kingmaker Casino:<\/p>\n\n\n\n<ul class=\"wp-block-list\">\n<li><strong>NetEnt<\/strong><\/li>\n\n\n\n<li><strong>Microgaming<\/strong><\/li>\n\n\n\n<li><strong>Play'n GO<\/strong><\/li>\n\n\n\n<li><strong>Gioco pragmatico<\/strong><\/li>\n\n\n\n<li><strong>Quickspin<\/strong><\/li>\n<\/ul>\n\n\n\n<style>\n\t.kingmakercasinos-spacer-1616504099 {\n\t\theight: 57px;\n\t\tbackground: ;\n\t}\n\t@media only screen and (max-width : 991px) {\n\t\t.kingmakercasinos-spacer-1616504099 {\n\t\t\theight: 45px;\n\t\t}\n\t}\n\t@media only screen and (max-width : 575px) {\n\t\t.kingmakercasinos-spacer-1616504099 {\n\t\t\theight: 30px;\n\t\t}\n\t}\n<\/style>\n\n<div class=\"kingmakercasinos-spacer kingmakercasinos-spacer-1616504099\"><\/div>","protected":false},"excerpt":{"rendered":"<p>Bonos de Kingmaker Casino Kingmaker Casino ofrece una incre\u00edble variedad de opciones de bonos. Los jugadores pueden disfrutar de m\u00faltiples beneficios, desde bonos de bienvenida hasta promociones continuas que enriquecen su experiencia de juego. El paquete de bienvenida es especialmente atractivo, ya que brinda a los nuevos miembros bonos por dep\u00f3sito y giros gratis para [&hellip;]<\/p>\n","protected":false},"author":1,"featured_media":0,"parent":0,"menu_order":0,"comment_status":"closed","ping_status":"closed","template":"","meta":{"_acf_changed":false,"inline_featured_image":false,"footnotes":""},"class_list":["post-89","page","type-page","status-publish","hentry"],"acf":[],"_links":{"self":[{"href":"https:\/\/kingmakerscasino.es\/it\/wp-json\/wp\/v2\/pages\/89","targetHints":{"allow":["GET"]}}],"collection":[{"href":"https:\/\/kingmakerscasino.es\/it\/wp-json\/wp\/v2\/pages"}],"about":[{"href":"https:\/\/kingmakerscasino.es\/it\/wp-json\/wp\/v2\/types\/page"}],"author":[{"embeddable":true,"href":"https:\/\/kingmakerscasino.es\/it\/wp-json\/wp\/v2\/users\/1"}],"replies":[{"embeddable":true,"href":"https:\/\/kingmakerscasino.es\/it\/wp-json\/wp\/v2\/comments?post=89"}],"version-history":[{"count":171,"href":"https:\/\/kingmakerscasino.es\/it\/wp-json\/wp\/v2\/pages\/89\/revisions"}],"predecessor-version":[{"id":904,"href":"https:\/\/kingmakerscasino.es\/it\/wp-json\/wp\/v2\/pages\/89\/revisions\/904"}],"wp:attachment":[{"href":"https:\/\/kingmakerscasino.es\/it\/wp-json\/wp\/v2\/media?parent=89"}],"curies":[{"name":"wp","href":"https:\/\/api.w.org\/{rel}","templated":true}]}}